{"id":893,"date":"2025-01-07T01:45:24","date_gmt":"2025-01-07T07:45:24","guid":{"rendered":"https:\/\/quickhome.loans\/?page_id=893"},"modified":"2025-02-10T15:19:05","modified_gmt":"2025-02-10T21:19:05","slug":"usda-loan","status":"publish","type":"page","link":"https:\/\/www.quickhome.loans\/es\/usda-loan\/","title":{"rendered":"Pr\u00e9stamos USDA"},"content":{"rendered":"<div class=\"wp-block-columns is-layout-flex wp-container-core-columns-is-layout-9d6595d7 wp-block-columns-is-layout-flex\">\n<div class=\"wp-block-column is-layout-flow wp-block-column-is-layout-flow\">\n<h1 class=\"wp-block-heading has-text-align-center has-white-color has-text-color has-link-color wp-elements-736fff3ecb7d531c1a56e1f38a1a5ace\"><strong>Pr\u00e9stamo del USDA<\/strong><\/h1>\n\n\n<div class=\"wp-block-image\">\n<figure class=\"aligncenter size-large is-resized\"><img loading=\"lazy\" decoding=\"async\" width=\"1024\" height=\"683\" src=\"https:\/\/quickhome.loans\/wp-content\/uploads\/2025\/01\/USDA1-1024x683.webp\" alt=\"USDA Loan\" class=\"wp-image-894\" style=\"width:433px;height:auto\" title=\"\" srcset=\"https:\/\/www.quickhome.loans\/wp-content\/uploads\/2025\/01\/USDA1-1024x683.webp 1024w, https:\/\/www.quickhome.loans\/wp-content\/uploads\/2025\/01\/USDA1-300x200.webp 300w, https:\/\/www.quickhome.loans\/wp-content\/uploads\/2025\/01\/USDA1-768x512.webp 768w, https:\/\/www.quickhome.loans\/wp-content\/uploads\/2025\/01\/USDA1-1536x1025.webp 1536w, https:\/\/www.quickhome.loans\/wp-content\/uploads\/2025\/01\/USDA1-2048x1366.webp 2048w\" sizes=\"auto, (max-width: 1024px) 100vw, 1024px\" \/><\/figure>\n<\/div>\n\n\n<h4 class=\"wp-block-heading has-text-align-center has-white-color has-text-color has-link-color wp-elements-55dc2b11c5a00fb870844fd13ee03389\">Una opci\u00f3n hipotecaria proporcionada por el Departamento de Agricultura de los Estados Unidos (USDA) para propiedades ubicadas en \u00e1reas rurales.<\/h4>\n<\/div>\n<\/div>\n\n\n\n\n\n\n\n<div class=\"wp-block-columns is-layout-flex wp-container-core-columns-is-layout-9d6595d7 wp-block-columns-is-layout-flex\">\n<div class=\"wp-block-column is-layout-flow wp-block-column-is-layout-flow\">\n<h3 class=\"wp-block-heading\" id=\"loan-details\">Detalles del Pr\u00e9stamo:<\/h3>\n\n\n\n<ul class=\"wp-block-list\">\n<li><strong>Programas de Pr\u00e9stamo<\/strong>: El USDA opera programas de pr\u00e9stamos directos para viviendas unifamiliares bajo las secciones 502 y 504 de la Ley de Vivienda de 1949. Estos programas incluyen tanto el otorgamiento como el servicio de pr\u00e9stamos y subvenciones.<\/li>\n\n\n\n<li><strong>Monto del Pr\u00e9stamo<\/strong>: The maximum loan amount is determined based on the applicant&#8217;s repayment ability and the area loan limit for the county in which the property is located.<\/li>\n\n\n\n<li><strong>Costos Permitidos<\/strong>: Costs such as the appraisal fee, tax service fee, homeownership education fee, and initial contribution to the escrow account can be financed even if they cause the total loan amount to exceed the area loan limit or the property&#8217;s market value.<\/li>\n<\/ul>\n<\/div>\n<\/div>\n\n\n\n\n\n\n\n<div class=\"wp-block-columns is-layout-flex wp-container-core-columns-is-layout-9d6595d7 wp-block-columns-is-layout-flex\">\n<div class=\"wp-block-column is-layout-flow wp-block-column-is-layout-flow\">\n<h3 class=\"wp-block-heading\" id=\"eligibility-requirements\">Requisitos de Elegibilidad:<\/h3>\n\n\n\n<ul class=\"wp-block-list\">\n<li><strong>Ingresos<\/strong>: Los ingresos de todos los miembros del hogar mayores de 18 a\u00f1os no pueden exceder las pautas del USDA.<\/li>\n\n\n\n<li><strong>Ubicaci\u00f3n de la Propiedad<\/strong>: La propiedad debe estar ubicada en un \u00e1rea rural seg\u00fan lo definido por el USDA. Los prestamistas pueden verificar la elegibilidad en <a href=\"https:\/\/eligibility.sc.egov.usda.gov\/eligibility\" target=\"_blank\" rel=\"noopener\">https:\/\/eligibility.sc.egov.usda.gov\/eligibility<\/a><\/li>\n\n\n\n<li><strong>Prestatarios Elegibles<\/strong>: Ciudadanos Estadounidenses y residentes permanentes que no puedan obtener cr\u00e9dito en t\u00e9rminos razonables sin una garant\u00eda del USDA.<\/li>\n\n\n\n<li><strong>Requisitos de Cr\u00e9dito<\/strong>: Todos los prestatarios en el pr\u00e9stamo deben tener un puntaje FICO que cumpla con el requisito m\u00ednimo de 640.<\/li>\n\n\n\n<li><strong>Historial de Empleo<\/strong>: Se requiere un historial laboral de 2 a\u00f1os con talones de pago o declaraciones de ingresos de los \u00faltimos 30 d\u00edas y formularios W-2 de los 2 a\u00f1os anteriores. Para personas aut\u00f3nomas, se requiere al menos 2 a\u00f1os de trabajo independiente o al menos 1 a\u00f1o en el mismo campo laboral que su empleo anterior.<\/li>\n\n\n\n<li><strong>Suscripci\u00f3n<\/strong>: El pr\u00e9stamo debe recibir un Aprobar\/Elegible del Sistema de Garant\u00eda de Subvenciones (GUS).<\/li>\n\n\n\n<li><strong>M\u00faltiples Propiedades<\/strong>: Los prestatarios solo pueden poseer otra vivienda que no est\u00e9 dentro del \u00e1rea local de trabajo o que sea inhabitable.<\/li>\n<\/ul>\n<\/div>\n<\/div>\n\n\n\n\n\n\n\n<div class=\"wp-block-columns is-layout-flex wp-container-core-columns-is-layout-9d6595d7 wp-block-columns-is-layout-flex\">\n<div class=\"wp-block-column is-layout-flow wp-block-column-is-layout-flow\">\n<h3 class=\"wp-block-heading\" id=\"property-requirements\">Requisitos de la Propiedad:<\/h3>\n\n\n\n<ul class=\"wp-block-list\">\n<li><strong>Propiedades Elegibles<\/strong>: La propiedad debe ser ocupada por el propietario y ser unifamiliar. Las propiedades de 2-4 unidades no son elegibles.<\/li>\n\n\n\n<li><strong>Pozo y S\u00e9ptico<\/strong>: Los pozos privados deben ser probados, y los sistemas s\u00e9pticos no son elegibles en zonas de inundaci\u00f3n. Las inspecciones s\u00e9pticas solo son necesarias si lo exige el tasador.<\/li>\n<\/ul>\n\n\n\n<h3 class=\"wp-block-heading\" id=\"additional-information\">Informaci\u00f3n Adicional:<\/h3>\n\n\n\n<ul class=\"wp-block-list\">\n<li><strong>Costos de Cierre y Anticipos<\/strong>: Estos pueden financiarse en el monto del pr\u00e9stamo si hay espacio en el valor tasado por encima del precio de compra.<\/li>\n\n\n\n<li><strong>Reducciones Temporales de Tasas<\/strong>: No est\u00e1n permitidas.<\/li>\n\n\n\n<li><strong>Exenciones de Dep\u00f3sito en Garant\u00eda<\/strong>: No est\u00e1n permitidas.<\/li>\n<\/ul>\n<\/div>\n<\/div>","protected":false},"excerpt":{"rendered":"","protected":false},"author":1,"featured_media":0,"parent":0,"menu_order":0,"comment_status":"closed","ping_status":"closed","template":"","meta":{"pagelayer_contact_templates":[],"_pagelayer_content":"","footnotes":""},"class_list":["post-893","page","type-page","status-publish","hentry"],"_links":{"self":[{"href":"https:\/\/www.quickhome.loans\/es\/wp-json\/wp\/v2\/pages\/893","targetHints":{"allow":["GET"]}}],"collection":[{"href":"https:\/\/www.quickhome.loans\/es\/wp-json\/wp\/v2\/pages"}],"about":[{"href":"https:\/\/www.quickhome.loans\/es\/wp-json\/wp\/v2\/types\/page"}],"author":[{"embeddable":true,"href":"https:\/\/www.quickhome.loans\/es\/wp-json\/wp\/v2\/users\/1"}],"replies":[{"embeddable":true,"href":"https:\/\/www.quickhome.loans\/es\/wp-json\/wp\/v2\/comments?post=893"}],"version-history":[{"count":5,"href":"https:\/\/www.quickhome.loans\/es\/wp-json\/wp\/v2\/pages\/893\/revisions"}],"predecessor-version":[{"id":1145,"href":"https:\/\/www.quickhome.loans\/es\/wp-json\/wp\/v2\/pages\/893\/revisions\/1145"}],"wp:attachment":[{"href":"https:\/\/www.quickhome.loans\/es\/wp-json\/wp\/v2\/media?parent=893"}],"curies":[{"name":"wp","href":"https:\/\/api.w.org\/{rel}","templated":true}]}}