{"id":725,"date":"2025-01-06T11:14:01","date_gmt":"2025-01-06T17:14:01","guid":{"rendered":"https:\/\/quickhome.loans\/?page_id=725"},"modified":"2025-02-10T15:20:36","modified_gmt":"2025-02-10T21:20:36","slug":"va-interest-rate-reduction-refinance-loans-irrrl","status":"publish","type":"page","link":"https:\/\/www.quickhome.loans\/es\/va-interest-rate-reduction-refinance-loans-irrrl\/","title":{"rendered":"Pr\u00e9stamos VA para Reducci\u00f3n de Tasas de Inter\u00e9s (IRRRL)"},"content":{"rendered":"<div class=\"wp-block-columns is-layout-flex wp-container-core-columns-is-layout-9d6595d7 wp-block-columns-is-layout-flex\">\n<div class=\"wp-block-column is-layout-flow wp-block-column-is-layout-flow\">\n<h1 class=\"wp-block-heading has-text-align-center has-white-color has-text-color has-link-color wp-elements-9cba8ad5338e7074c5dfdd0fee80061a\"><strong><strong>Pr\u00e9stamos VA para Reducci\u00f3n de Tasas de Inter\u00e9s (IRRRL)<\/strong><\/strong><\/h1>\n\n\n<div class=\"wp-block-image\">\n<figure class=\"aligncenter size-large is-resized\"><img loading=\"lazy\" decoding=\"async\" width=\"1024\" height=\"683\" src=\"https:\/\/quickhome.loans\/wp-content\/uploads\/2025\/01\/valoan3-1024x683.webp\" alt=\"VA Interest Rate Reduction Refinance Loans (IRRRL)\" class=\"wp-image-726\" style=\"width:433px;height:auto\" title=\"\" srcset=\"https:\/\/www.quickhome.loans\/wp-content\/uploads\/2025\/01\/valoan3-1024x683.webp 1024w, https:\/\/www.quickhome.loans\/wp-content\/uploads\/2025\/01\/valoan3-300x200.webp 300w, https:\/\/www.quickhome.loans\/wp-content\/uploads\/2025\/01\/valoan3-768x512.webp 768w, https:\/\/www.quickhome.loans\/wp-content\/uploads\/2025\/01\/valoan3-1536x1024.webp 1536w, https:\/\/www.quickhome.loans\/wp-content\/uploads\/2025\/01\/valoan3-2048x1365.webp 2048w\" sizes=\"auto, (max-width: 1024px) 100vw, 1024px\" \/><\/figure>\n<\/div>\n\n\n<h5 class=\"wp-block-heading has-text-align-center has-white-color has-text-color has-link-color wp-elements-2fee49c464753fd881fac1adfcc569db\">El pr\u00e9stamo VA IRRRL ayuda a los veteranos y miembros del servicio a reducir su tasa hipotecaria y ahorrar en pagos mensuales.<\/h5>\n<\/div>\n<\/div>\n\n\n\n\n\n\n\n<div class=\"wp-block-columns is-layout-flex wp-container-core-columns-is-layout-9d6595d7 wp-block-columns-is-layout-flex\">\n<div class=\"wp-block-column is-layout-flow wp-block-column-is-layout-flow\">\n<h3 class=\"wp-block-heading\"><strong><strong>\u00bfQu\u00e9 es un VA IRRRL?<\/strong><\/strong><\/h3>\n\n\n\n<p>Un Pr\u00e9stamo de Refinanciamiento para la Reducci\u00f3n de la Tasa de Inter\u00e9s VA (IRRRL), tambi\u00e9n conocido como el Refinanciamiento Simplificado VA, permite a los propietarios que ya tienen un pr\u00e9stamo VA refinanciar para aprovechar tasas de inter\u00e9s m\u00e1s bajas, lo que puede reducir los pagos mensuales del pr\u00e9stamo.<\/p>\n\n\n\n<p><strong>\u00bfC\u00f3mo ayuda un VA IRRRL?<\/strong><\/p>\n\n\n\n<ol start=\"1\" class=\"wp-block-list\">\n<li><strong>Sin tasaci\u00f3n ni suscripci\u00f3n crediticia<\/strong>: Generalmente, no se requiere tasaci\u00f3n, informaci\u00f3n crediticia ni suscripci\u00f3n en un IRRRL, lo que simplifica y acelera el proceso de refinanciamiento. Sin embargo, existen excepciones donde se puede requerir suscripci\u00f3n crediticia, como cuando el pr\u00e9stamo est\u00e1 30 d\u00edas o m\u00e1s atrasado en el cierre o cuando el pago mensual aumenta en un 20% o m\u00e1s.<\/li>\n\n\n\n<li><strong>Los costos de cierre pueden ser incluidos<\/strong>: Closing costs may be financed in the loan, meaning you don&#8217;t need to pay them upfront.<\/li>\n\n\n\n<li><strong>Tasa Ajustable a Tasa Fija<\/strong>: Si actualmente tienes una hipoteca VA con tasa ajustable (ARM), puedes refinanciar a un pr\u00e9stamo VA con tasa fija para mayor estabilidad. Un pr\u00e9stamo de tasa fija para refinanciar un ARM VA puede tener una tasa de inter\u00e9s m\u00e1s alta.<\/li>\n\n\n\n<li><strong>Reducir el t\u00e9rmino del pr\u00e9stamo<\/strong>: Una hipoteca a 30 a\u00f1os se puede reducir a un t\u00e9rmino de 15 a\u00f1os, lo que permite pagarla m\u00e1s r\u00e1pido y posiblemente ahorrar en intereses.<\/li>\n<\/ol>\n<\/div>\n<\/div>\n\n\n\n\n\n\n\n<div class=\"wp-block-columns is-layout-flex wp-container-core-columns-is-layout-9d6595d7 wp-block-columns-is-layout-flex\">\n<div class=\"wp-block-column is-layout-flow wp-block-column-is-layout-flow\">\n<h3 class=\"wp-block-heading\"><strong>\u00bfCu\u00e1les son los requisitos de elegibilidad?<\/strong><\/h3>\n\n\n\n<ol class=\"wp-block-list\">\n<li><strong>Segundos pr\u00e9stamos<\/strong>: Si tienes una segunda hipoteca, esta debe ser subordinada, lo que significa que el pr\u00e9stamo VA se convierte en tu hipoteca principal.<\/li>\n\n\n\n<li><strong>Certificado de Elegibilidad (COE)<\/strong>: No se requiere un COE para los IRRRL porque el veterano ya ha sido aprobado para un pr\u00e9stamo VA. Sin embargo, el estado de exenci\u00f3n de la tarifa de financiaci\u00f3n VA ser\u00e1 proporcionado en la pantalla de \"IRRRL Appraisal Case Initiated\" en el registro del pr\u00e9stamo en WebLGY.<\/li>\n\n\n\n<li><strong>Pr\u00e9stamo VA existente<\/strong>: El pr\u00e9stamo debe ser un refinanciamiento de un pr\u00e9stamo VA existente, y el refinanciamiento no puede utilizarse para pagar pr\u00e9stamos no VA.<\/li>\n<\/ol>\n<\/div>\n<\/div>","protected":false},"excerpt":{"rendered":"","protected":false},"author":1,"featured_media":0,"parent":0,"menu_order":0,"comment_status":"closed","ping_status":"closed","template":"","meta":{"pagelayer_contact_templates":[],"_pagelayer_content":"","footnotes":""},"class_list":["post-725","page","type-page","status-publish","hentry"],"_links":{"self":[{"href":"https:\/\/www.quickhome.loans\/es\/wp-json\/wp\/v2\/pages\/725","targetHints":{"allow":["GET"]}}],"collection":[{"href":"https:\/\/www.quickhome.loans\/es\/wp-json\/wp\/v2\/pages"}],"about":[{"href":"https:\/\/www.quickhome.loans\/es\/wp-json\/wp\/v2\/types\/page"}],"author":[{"embeddable":true,"href":"https:\/\/www.quickhome.loans\/es\/wp-json\/wp\/v2\/users\/1"}],"replies":[{"embeddable":true,"href":"https:\/\/www.quickhome.loans\/es\/wp-json\/wp\/v2\/comments?post=725"}],"version-history":[{"count":2,"href":"https:\/\/www.quickhome.loans\/es\/wp-json\/wp\/v2\/pages\/725\/revisions"}],"predecessor-version":[{"id":1148,"href":"https:\/\/www.quickhome.loans\/es\/wp-json\/wp\/v2\/pages\/725\/revisions\/1148"}],"wp:attachment":[{"href":"https:\/\/www.quickhome.loans\/es\/wp-json\/wp\/v2\/media?parent=725"}],"curies":[{"name":"wp","href":"https:\/\/api.w.org\/{rel}","templated":true}]}}