{"id":716,"date":"2025-01-06T11:14:01","date_gmt":"2025-01-06T17:14:01","guid":{"rendered":"https:\/\/quickhome.loans\/?page_id=716"},"modified":"2025-02-10T12:15:22","modified_gmt":"2025-02-10T18:15:22","slug":"fha-refinance-loans","status":"publish","type":"page","link":"https:\/\/www.quickhome.loans\/es\/fha-refinance-loans\/","title":{"rendered":"Pr\u00e9stamos FHA para Refinanciamiento"},"content":{"rendered":"<div class=\"wp-block-columns is-layout-flex wp-container-core-columns-is-layout-9d6595d7 wp-block-columns-is-layout-flex\">\n<div class=\"wp-block-column is-layout-flow wp-block-column-is-layout-flow\">\n<h1 class=\"wp-block-heading has-text-align-center has-white-color has-text-color has-link-color wp-elements-0e5704dadd3147cf35e770ab428e5b6b\"><strong><strong>Pr\u00e9stamos FHA para Refinanciamiento<\/strong><\/strong><\/h1>\n\n\n<div class=\"wp-block-image\">\n<figure class=\"aligncenter size-large is-resized\"><img loading=\"lazy\" decoding=\"async\" width=\"1024\" height=\"770\" src=\"https:\/\/www.quickhome.loans\/wp-content\/uploads\/2025\/01\/famhouse5.webp\" alt=\"\" class=\"wp-image-717\" style=\"width:433px;height:auto\" title=\"\" srcset=\"https:\/\/www.quickhome.loans\/wp-content\/uploads\/2025\/01\/famhouse5.webp 2560w, https:\/\/www.quickhome.loans\/wp-content\/uploads\/2025\/01\/famhouse5-300x200.webp 300w, https:\/\/www.quickhome.loans\/wp-content\/uploads\/2025\/01\/famhouse5-1024x683.webp 1024w, https:\/\/www.quickhome.loans\/wp-content\/uploads\/2025\/01\/famhouse5-768x512.webp 768w, https:\/\/www.quickhome.loans\/wp-content\/uploads\/2025\/01\/famhouse5-1536x1024.webp 1536w, https:\/\/www.quickhome.loans\/wp-content\/uploads\/2025\/01\/famhouse5-2048x1366.webp 2048w, https:\/\/www.quickhome.loans\/wp-content\/uploads\/2025\/01\/famhouse5-18x12.webp 18w\" sizes=\"auto, (max-width: 1024px) 100vw, 1024px\" \/><\/figure>\n<\/div><\/div>\n<\/div>\n\n\n\n\n\n\n\n<div class=\"wp-block-columns is-layout-flex wp-container-core-columns-is-layout-9d6595d7 wp-block-columns-is-layout-flex\">\n<div class=\"wp-block-column is-layout-flow wp-block-column-is-layout-flow\">\n<h3 class=\"wp-block-heading\"><strong><strong>\u00bfQu\u00e9 es un Pr\u00e9stamo FHA?<\/strong><\/strong><\/h3>\n\n\n\n<p>Estos pr\u00e9stamos son programas ofrecidos por prestamistas participantes que est\u00e1n asegurados por la Administraci\u00f3n Federal de Vivienda (FHA), que forma parte del Departamento de Vivienda y Desarrollo Urbano de los Estados Unidos (HUD).<\/p>\n\n\n\n<p><strong>\u00bfCu\u00e1les son los beneficios de un Pr\u00e9stamo FHA?<\/strong><\/p>\n\n\n\n<ul class=\"wp-block-list\">\n<li>Pagos iniciales tan bajos como el 3.5%<\/li>\n\n\n\n<li>El vendedor puede contribuir hasta el 6% del precio de venta<\/li>\n\n\n\n<li>Un padre o pariente puede cofirmar el pr\u00e9stamo como no ocupante.<\/li>\n<\/ul>\n\n\n\n<p>Los pr\u00e9stamos FHA requieren un seguro hipotecario para proteger a los prestamistas de p\u00e9rdidas en caso de incumplimientos. Las primas de seguro hipotecario inicial pueden financiarse como parte del pr\u00e9stamo. Usted ser\u00e1 responsable de pagar la prima de seguro anual.<\/p>\n<\/div>\n<\/div>\n\n\n\n\n\n\n\n<div class=\"wp-block-columns is-layout-flex wp-container-core-columns-is-layout-9d6595d7 wp-block-columns-is-layout-flex\">\n<div class=\"wp-block-column is-layout-flow wp-block-column-is-layout-flow\">\n<p><strong>\u00bfQui\u00e9n es elegible para un Pr\u00e9stamo de Refinanciamiento FHA?<\/strong><\/p>\n\n\n\n<p>Un asegurador analizar\u00e1 sus ingresos, activos, pasivos e historial crediticio cuando aplique. Un cr\u00e9dito imperfecto no necesariamente le impedir\u00e1 calificar. Debe cumplir con los siguientes requisitos:<\/p>\n\n\n\n<ul class=\"wp-block-list\">\n<li>Debe tener al menos el 3.5% del precio de compra para un pago inicial<\/li>\n\n\n\n<li>Su pago hipotecario mensual no puede exceder el 50% de sus ingresos mensuales<\/li>\n\n\n\n<li>Debe tener dos a\u00f1os de empleo consistente e ingresos verificables<\/li>\n<\/ul>\n\n\n\n<p><strong>\u00bfQu\u00e9 tipos de propiedades se pueden financiar con Pr\u00e9stamos FHA?<\/strong><\/p>\n\n\n\n<p>Las siguientes propiedades son elegibles:<\/p>\n\n\n\n<ul class=\"wp-block-list\">\n<li>Residencias principales de 1 a 4 unidades<\/li>\n\n\n\n<li>Unidades de condominios aprobadas por la FHA<\/li>\n\n\n\n<li>Viviendas prefabricadas (deben tener cimientos permanentes y considerarse viviendas permanentes)<\/li>\n<\/ul>\n<\/div>\n<\/div>\n\n\n\n\n\n\n\n<div class=\"wp-block-columns is-layout-flex wp-container-core-columns-is-layout-9d6595d7 wp-block-columns-is-layout-flex\">\n<div class=\"wp-block-column is-layout-flow wp-block-column-is-layout-flow\">\n<h3 class=\"wp-block-heading\"><strong>\u00bfBusca Financiar Renovaciones?<\/strong><\/h3>\n\n\n\n<p>El pr\u00e9stamo FHA 203(k) es una opci\u00f3n para propietarios que buscan financiar reparaciones y renovaciones. Combina el costo de comprar o refinanciar la vivienda con el costo de la renovaci\u00f3n. Hay dos tipos principales:<\/p>\n\n\n\n<ol start=\"1\" class=\"wp-block-list\">\n<li>Pr\u00e9stamos Simplificados FHA 203(k)\n<ul class=\"wp-block-list\">\n<li>Permiten pedir prestado hasta $35,000 para reparaciones<\/li>\n\n\n\n<li>Ideal para reparaciones menores y no estructurales, como pintura, pisos o peque\u00f1as mejoras.<\/li>\n\n\n\n<li>No requiere una tasaci\u00f3n, lo que hace que el proceso sea m\u00e1s r\u00e1pido y sencillo.<\/li>\n<\/ul>\n<\/li>\n\n\n\n<li>Pr\u00e9stamos FHA 203(k) Est\u00e1ndar\n<ul class=\"wp-block-list\">\n<li>Para renovaciones m\u00e1s extensas, con un m\u00ednimo de $5,000 en reparaciones.<\/li>\n\n\n\n<li>Sin l\u00edmite m\u00e1ximo en el monto del pr\u00e9stamo, permitiendo proyectos m\u00e1s grandes.<\/li>\n\n\n\n<li>Permite trabajos estructurales, como agregar habitaciones o reparar sistemas importantes.<\/li>\n\n\n\n<li>Requiere una tasaci\u00f3n para evaluar el valor actual de la vivienda y el costo del proyecto.<\/li>\n<\/ul>\n<\/li>\n<\/ol>\n\n\n\n<p>Ambas opciones ayudan a financiar reparaciones y renovaciones de viviendas con un solo pr\u00e9stamo, lo que puede ser una forma rentable de mejorar una propiedad sin agotar los ahorros ni asumir deudas con altos intereses.<\/p>\n<\/div>\n<\/div>","protected":false},"excerpt":{"rendered":"","protected":false},"author":1,"featured_media":0,"parent":0,"menu_order":0,"comment_status":"closed","ping_status":"closed","template":"","meta":{"pagelayer_contact_templates":[],"_pagelayer_content":"","footnotes":""},"class_list":["post-716","page","type-page","status-publish","hentry"],"_links":{"self":[{"href":"https:\/\/www.quickhome.loans\/es\/wp-json\/wp\/v2\/pages\/716","targetHints":{"allow":["GET"]}}],"collection":[{"href":"https:\/\/www.quickhome.loans\/es\/wp-json\/wp\/v2\/pages"}],"about":[{"href":"https:\/\/www.quickhome.loans\/es\/wp-json\/wp\/v2\/types\/page"}],"author":[{"embeddable":true,"href":"https:\/\/www.quickhome.loans\/es\/wp-json\/wp\/v2\/users\/1"}],"replies":[{"embeddable":true,"href":"https:\/\/www.quickhome.loans\/es\/wp-json\/wp\/v2\/comments?post=716"}],"version-history":[{"count":4,"href":"https:\/\/www.quickhome.loans\/es\/wp-json\/wp\/v2\/pages\/716\/revisions"}],"predecessor-version":[{"id":1113,"href":"https:\/\/www.quickhome.loans\/es\/wp-json\/wp\/v2\/pages\/716\/revisions\/1113"}],"wp:attachment":[{"href":"https:\/\/www.quickhome.loans\/es\/wp-json\/wp\/v2\/media?parent=716"}],"curies":[{"name":"wp","href":"https:\/\/api.w.org\/{rel}","templated":true}]}}