{"id":712,"date":"2025-01-06T11:14:02","date_gmt":"2025-01-06T17:14:02","guid":{"rendered":"https:\/\/quickhome.loans\/?page_id=712"},"modified":"2025-02-10T12:14:37","modified_gmt":"2025-02-10T18:14:37","slug":"fha-203k-refinance-loans","status":"publish","type":"page","link":"https:\/\/www.quickhome.loans\/es\/fha-203k-refinance-loans\/","title":{"rendered":"Pr\u00e9stamos FHA 203(k) para Refinanciamiento"},"content":{"rendered":"<div class=\"wp-block-columns is-layout-flex wp-container-core-columns-is-layout-9d6595d7 wp-block-columns-is-layout-flex\">\n<div class=\"wp-block-column is-layout-flow wp-block-column-is-layout-flow\">\n<h1 class=\"wp-block-heading has-text-align-center has-white-color has-text-color has-link-color wp-elements-ea4b887315591a711f818b5fb098a68c\"><strong><strong>Pr\u00e9stamos FHA 203(k) para Refinanciamiento<\/strong><\/strong><\/h1>\n\n\n<div class=\"wp-block-image\">\n<figure class=\"aligncenter size-large is-resized\"><img loading=\"lazy\" decoding=\"async\" width=\"1024\" height=\"683\" src=\"https:\/\/quickhome.loans\/wp-content\/uploads\/2024\/12\/203k1-1024x683.webp\" alt=\"\" class=\"wp-image-642\" style=\"width:433px;height:auto\" title=\"\" srcset=\"https:\/\/www.quickhome.loans\/wp-content\/uploads\/2024\/12\/203k1-1024x683.webp 1024w, https:\/\/www.quickhome.loans\/wp-content\/uploads\/2024\/12\/203k1-300x200.webp 300w, https:\/\/www.quickhome.loans\/wp-content\/uploads\/2024\/12\/203k1-768x512.webp 768w, https:\/\/www.quickhome.loans\/wp-content\/uploads\/2024\/12\/203k1-1536x1024.webp 1536w, https:\/\/www.quickhome.loans\/wp-content\/uploads\/2024\/12\/203k1-2048x1365.webp 2048w\" sizes=\"auto, (max-width: 1024px) 100vw, 1024px\" \/><\/figure>\n<\/div><\/div>\n<\/div>\n\n\n\n\n\n\n\n<div class=\"wp-block-columns is-layout-flex wp-container-core-columns-is-layout-9d6595d7 wp-block-columns-is-layout-flex\">\n<div class=\"wp-block-column is-layout-flow wp-block-column-is-layout-flow\">\n<h3 class=\"wp-block-heading\"><strong><strong>\u00bfPara qu\u00e9 sirven los pr\u00e9stamos FHA 203(k)?<\/strong><\/strong><\/h3>\n\n\n\n<p>Este tipo de pr\u00e9stamo es un pr\u00e9stamo de rehabilitaci\u00f3n, dise\u00f1ado para permitir que una persona refinancie la hipoteca de una casa que necesita reparaciones o renovaciones. Estos pr\u00e9stamos son proporcionados por prestamistas aprobados por la Administraci\u00f3n Federal de Vivienda (FHA). Los pr\u00e9stamos est\u00e1n asegurados por HUD, el Departamento de Vivienda y Desarrollo Urbano de los Estados Unidos.<\/p>\n\n\n\n<h4 class=\"wp-block-heading\"><strong>Beneficios de los Pr\u00e9stamos de Refinanciamiento FHA 203(k)<\/strong><\/h4>\n\n\n\n<p>Las reparaciones del hogar pueden ser costosas y agotar los ahorros o generar deudas con altos intereses. El refinanciamiento FHA 203(k) ofrece una forma de financiar las reparaciones a trav\u00e9s de una hipoteca a tasa fija o ajustable, probablemente a una tasa de inter\u00e9s m\u00e1s baja que otras formas de cr\u00e9dito, como tarjetas de cr\u00e9dito o pr\u00e9stamos personales.<\/p>\n\n\n\n<p>Additionally, the renovations funded by the loan could potentially increase the home&#8217;s future value, making it more marketable and easier to sell should you choose to do so.<\/p>\n<\/div>\n<\/div>\n\n\n\n\n\n\n\n<div class=\"wp-block-columns is-layout-flex wp-container-core-columns-is-layout-9d6595d7 wp-block-columns-is-layout-flex\">\n<div class=\"wp-block-column is-layout-flow wp-block-column-is-layout-flow\">\n<h4 class=\"wp-block-heading\"><strong>Tipos de Pr\u00e9stamos de Refinanciamiento FHA 203(k)<\/strong><\/h4>\n\n\n\n<p><strong>Limitado 203(k)<\/strong><\/p>\n\n\n\n<ul class=\"wp-block-list\">\n<li>Ideal para reparaciones y renovaciones menos extensas.<\/li>\n\n\n\n<li>Sin montos m\u00ednimos de pr\u00e9stamo, con un m\u00e1ximo disponible de $35,000.<\/li>\n\n\n\n<li>Reparaciones elegibles para este programa incluyen:<\/li>\n\n\n\n<li>Reparaciones de techos<\/li>\n\n\n\n<li>Reparaciones de sistemas HVAC, plomer\u00eda y electricidad<\/li>\n\n\n\n<li>Pintura interior\/exterior y reparaci\u00f3n de pisos<\/li>\n\n\n\n<li>Reparaciones estructurales importantes y nuevas construcciones no son elegibles.<\/li>\n<\/ul>\n\n\n\n<p><strong>Est\u00e1ndar 203(k)<\/strong><\/p>\n\n\n\n<ul class=\"wp-block-list\">\n<li>Para reparaciones m\u00e1s significativas, con un m\u00ednimo de $5,000 en reparaciones requeridas y sin l\u00edmite superior en el monto del pr\u00e9stamo.<\/li>\n\n\n\n<li>Un representante de HUD inspeccionar\u00e1 y supervisar\u00e1 el proyecto.<\/li>\n\n\n\n<li>Cubre todas las reparaciones permitidas bajo el programa 203(k) Limitado, adem\u00e1s de:<\/li>\n\n\n\n<li>Reparaciones estructurales y nuevas construcciones<\/li>\n\n\n\n<li>Renovaciones de cocinas y ba\u00f1os, incluidos electrodom\u00e9sticos<\/li>\n\n\n\n<li>Remediaci\u00f3n de peligros para la seguridad<\/li>\n\n\n\n<li>Mejoras de accesibilidad para personas con discapacidades<\/li>\n<\/ul>\n<\/div>\n<\/div>\n\n\n\n\n\n\n\n<div class=\"wp-block-columns is-layout-flex wp-container-core-columns-is-layout-9d6595d7 wp-block-columns-is-layout-flex\">\n<div class=\"wp-block-column is-layout-flow wp-block-column-is-layout-flow\">\n<p><strong>Prestatarios elegibles:<\/strong><\/p>\n\n\n\n<ul class=\"wp-block-list\">\n<li>Ciudadanos Estadounidenses o residentes permanentes legales<\/li>\n<\/ul>\n\n\n\n<p><strong>Prestatarios no elegibles:<\/strong><\/p>\n\n\n\n<ul class=\"wp-block-list\">\n<li>Extranjeros, corporaciones y LLCs<\/li>\n<\/ul>\n\n\n\n<h4 class=\"wp-block-heading\"><strong>Elegibilidad de la Propiedad<\/strong><\/h4>\n\n\n\n<p><strong>Elegibilidad de Propiedades:<\/strong><\/p>\n\n\n\n<ul class=\"wp-block-list\">\n<li>Residencias unifamiliares de 1 a 4 unidades, adosadas o independientes, y desarrollos planificados.<\/li>\n\n\n\n<li>Condominios aprobados por FHA<\/li>\n\n\n\n<li>Casas modulares (deben tener cimientos permanentes)<\/li>\n\n\n\n<li>Desarrollos de uso mixto (se aplican condiciones adicionales)<\/li>\n<\/ul>\n\n\n\n<p><strong>Propiedades no elegibles:<\/strong><\/p>\n\n\n\n<ul class=\"wp-block-list\">\n<li>Cooperativas (co-ops)<\/li>\n\n\n\n<li>Construcci\u00f3n nueva<\/li>\n\n\n\n<li>Casas prefabricadas<\/li>\n\n\n\n<li>Propiedades con construcci\u00f3n no conforme que no puede ser reparada<\/li>\n<\/ul>\n<\/div>\n<\/div>\n\n\n\n\n\n\n\n<div class=\"wp-block-columns is-layout-flex wp-container-core-columns-is-layout-9d6595d7 wp-block-columns-is-layout-flex\">\n<div class=\"wp-block-column is-layout-flow wp-block-column-is-layout-flow\">\n<h4 class=\"wp-block-heading\"><strong>Otros Requisitos y Elegibilidad para Reparaciones<\/strong><\/h4>\n\n\n\n<p>Para ser elegible, la propiedad debe estar ocupada por el propietario (es decir, no puede ser una segunda residencia o propiedad de inversi\u00f3n). Es posible que se necesiten requisitos adicionales de tasaci\u00f3n y construcci\u00f3n.<\/p>\n\n\n\n<p><strong>Reparaciones Estructurales Principales Elegibles:<\/strong><\/p>\n\n\n\n<ul class=\"wp-block-list\">\n<li>Alteraciones estructurales<\/li>\n\n\n\n<li>Nuevos ba\u00f1os<\/li>\n\n\n\n<li>Terminaci\u00f3n de \u00e1ticos o s\u00f3tanos<\/li>\n\n\n\n<li>Reparaci\u00f3n de da\u00f1os por termitas<\/li>\n\n\n\n<li>Reparaci\u00f3n de garajes independientes<\/li>\n\n\n\n<li>Construcci\u00f3n de un nuevo garaje adjunto<\/li>\n\n\n\n<li>Chimeneas\/tragaluces<\/li>\n\n\n\n<li>Actualizaci\u00f3n de cocinas y ba\u00f1os<\/li>\n\n\n\n<li>Remediaci\u00f3n de riesgos de seguridad<\/li>\n\n\n\n<li>Reparaci\u00f3n o reemplazo de HVAC<\/li>\n\n\n\n<li>Mejoras el\u00e9ctricas y de plomer\u00eda<\/li>\n\n\n\n<li>Mejora del drenaje y la nivelaci\u00f3n del terreno<\/li>\n\n\n\n<li>Mejora significativa del paisaje<\/li>\n\n\n\n<li>Reparaci\u00f3n de piscinas (costo m\u00ednimo de $1,500)<\/li>\n<\/ul>\n\n\n\n<p><strong>Reparaciones No Estructurales Elegibles:<\/strong><\/p>\n\n\n\n<ul class=\"wp-block-list\">\n<li>Techos<\/li>\n\n\n\n<li>Canaletas y desag\u00fces pluviales<\/li>\n\n\n\n<li>Terrazas, patios y porches<\/li>\n\n\n\n<li>Reparaci\u00f3n del HVAC existente<\/li>\n\n\n\n<li>Plomer\u00eda\/el\u00e9ctrica<\/li>\n\n\n\n<li>Pisos y alfombras<\/li>\n\n\n\n<li>Pintura interior y exterior<\/li>\n\n\n\n<li>Compra e instalaci\u00f3n de electrodom\u00e9sticos<\/li>\n\n\n\n<li>Mejoras de accesibilidad para personas discapacitadas<\/li>\n\n\n\n<li>Terminaci\u00f3n no estructural de s\u00f3tanos e impermeabilizaci\u00f3n<\/li>\n\n\n\n<li>Mejoras en la climatizaci\u00f3n<\/li>\n\n\n\n<li>Reemplazo de ventanas\/puertas<\/li>\n\n\n\n<li>Revestimiento exterior<\/li>\n\n\n\n<li>Sistemas s\u00e9pticos\/pozos<\/li>\n<\/ul>\n<\/div>\n<\/div>\n\n\n\n\n\n\n\n<div class=\"wp-block-columns is-layout-flex wp-container-core-columns-is-layout-9d6595d7 wp-block-columns-is-layout-flex\">\n<div class=\"wp-block-column is-layout-flow wp-block-column-is-layout-flow\">\n<p><strong>\u00bfQu\u00e9 informaci\u00f3n necesito proporcionar para el refinanciamiento?<\/strong><\/p>\n\n\n\n<ul class=\"wp-block-list\">\n<li>Prueba de ingresos<\/li>\n\n\n\n<li>Proporcione copias de los dos recibos de pago m\u00e1s recientes. Para prestatarios independientes, tambi\u00e9n puede proporcionar estados de p\u00e9rdidas y ganancias.<\/li>\n\n\n\n<li>Informaci\u00f3n fiscal<\/li>\n\n\n\n<li>Declaraciones de impuestos, formularios W-2 y 1099 de los \u00faltimos dos a\u00f1os. Si es independiente, tambi\u00e9n necesitar\u00e1 proporcionar su 1099-MISC.<\/li>\n<\/ul>\n\n\n\n<p><strong>Informaci\u00f3n de activos:<\/strong>, <strong>Los dos estados de cuenta bancarios m\u00e1s recientes, todas las p\u00e1ginas.<\/strong><\/p>\n\n\n\n<p><strong>Informaci\u00f3n de cr\u00e9dito:<\/strong><\/p>\n\n\n\n<ul class=\"wp-block-list\">\n<li>Se realizar\u00e1 una verificaci\u00f3n de cr\u00e9dito al aplicar<\/li>\n<\/ul>\n\n\n\n<p><strong>Documentaci\u00f3n de deudas<\/strong><\/p>\n\n\n\n<ul class=\"wp-block-list\">\n<li>Proporcione documentaci\u00f3n detallando sus compromisos financieros, incluida su hipoteca actual, pr\u00e9stamos para autom\u00f3viles y otras deudas.<\/li>\n<\/ul>\n<\/div>\n<\/div>","protected":false},"excerpt":{"rendered":"","protected":false},"author":1,"featured_media":0,"parent":0,"menu_order":0,"comment_status":"closed","ping_status":"closed","template":"","meta":{"pagelayer_contact_templates":[],"_pagelayer_content":"","footnotes":""},"class_list":["post-712","page","type-page","status-publish","hentry"],"_links":{"self":[{"href":"https:\/\/www.quickhome.loans\/es\/wp-json\/wp\/v2\/pages\/712","targetHints":{"allow":["GET"]}}],"collection":[{"href":"https:\/\/www.quickhome.loans\/es\/wp-json\/wp\/v2\/pages"}],"about":[{"href":"https:\/\/www.quickhome.loans\/es\/wp-json\/wp\/v2\/types\/page"}],"author":[{"embeddable":true,"href":"https:\/\/www.quickhome.loans\/es\/wp-json\/wp\/v2\/users\/1"}],"replies":[{"embeddable":true,"href":"https:\/\/www.quickhome.loans\/es\/wp-json\/wp\/v2\/comments?post=712"}],"version-history":[{"count":4,"href":"https:\/\/www.quickhome.loans\/es\/wp-json\/wp\/v2\/pages\/712\/revisions"}],"predecessor-version":[{"id":1111,"href":"https:\/\/www.quickhome.loans\/es\/wp-json\/wp\/v2\/pages\/712\/revisions\/1111"}],"wp:attachment":[{"href":"https:\/\/www.quickhome.loans\/es\/wp-json\/wp\/v2\/media?parent=712"}],"curies":[{"name":"wp","href":"https:\/\/api.w.org\/{rel}","templated":true}]}}