{"id":696,"date":"2025-01-06T11:14:02","date_gmt":"2025-01-06T17:14:02","guid":{"rendered":"https:\/\/quickhome.loans\/?page_id=696"},"modified":"2025-02-10T12:07:57","modified_gmt":"2025-02-10T18:07:57","slug":"cash-out-refinancing","status":"publish","type":"page","link":"https:\/\/www.quickhome.loans\/es\/cash-out-refinancing\/","title":{"rendered":"Refinanciamiento con Retiro de Efectivo"},"content":{"rendered":"<div class=\"wp-block-columns is-layout-flex wp-container-core-columns-is-layout-9d6595d7 wp-block-columns-is-layout-flex\">\n<div class=\"wp-block-column is-layout-flow wp-block-column-is-layout-flow\">\n<h1 class=\"wp-block-heading has-text-align-center has-white-color has-text-color has-link-color wp-elements-eac4fcf6a6f2789a2036ef897499fdb5\"><strong><strong>Refinanciamiento con Retiro de Efectivo<\/strong><\/strong><\/h1>\n\n\n<div class=\"wp-block-image\">\n<figure class=\"aligncenter size-large is-resized\"><img loading=\"lazy\" decoding=\"async\" width=\"1024\" height=\"684\" src=\"https:\/\/quickhome.loans\/wp-content\/uploads\/2024\/12\/cashoutrefi-1024x684.webp\" alt=\"\" class=\"wp-image-645\" style=\"width:433px;height:auto\" title=\"\" srcset=\"https:\/\/www.quickhome.loans\/wp-content\/uploads\/2024\/12\/cashoutrefi-1024x684.webp 1024w, https:\/\/www.quickhome.loans\/wp-content\/uploads\/2024\/12\/cashoutrefi-300x200.webp 300w, https:\/\/www.quickhome.loans\/wp-content\/uploads\/2024\/12\/cashoutrefi-768x513.webp 768w, https:\/\/www.quickhome.loans\/wp-content\/uploads\/2024\/12\/cashoutrefi-1536x1025.webp 1536w, https:\/\/www.quickhome.loans\/wp-content\/uploads\/2024\/12\/cashoutrefi-2048x1367.webp 2048w\" sizes=\"auto, (max-width: 1024px) 100vw, 1024px\" \/><\/figure>\n<\/div><\/div>\n<\/div>\n\n\n\n\n\n\n\n<div class=\"wp-block-columns is-layout-flex wp-container-core-columns-is-layout-9d6595d7 wp-block-columns-is-layout-flex\">\n<div class=\"wp-block-column is-layout-flow wp-block-column-is-layout-flow\">\n<h4 class=\"wp-block-heading\"><strong>Un refinanciamiento con retiro de efectivo te permite refinanciar tu hipoteca por un monto mayor al que debes, convirtiendo la diferencia en efectivo que puedes usar para mejoras en el hogar, consolidaci\u00f3n de deudas u otros gastos importantes.<\/strong><\/h4>\n\n\n\n<p><strong>Beneficios:<\/strong><\/p>\n\n\n\n<ul class=\"wp-block-list\">\n<li>Acceso al capital de tu vivienda sin usar tus ahorros ni recurrir a deudas con altos intereses, como las tarjetas de cr\u00e9dito.<\/li>\n\n\n\n<li>A menudo incluye una tasa de inter\u00e9s m\u00e1s baja que las tarjetas de cr\u00e9dito o los pr\u00e9stamos personales.<\/li>\n\n\n\n<li>Puede ser usado para gastos grandes, incluyendo reparaciones en el hogar o consolidaci\u00f3n de deudas.<\/li>\n<\/ul>\n\n\n\n<p><strong>Elegibilidad:<\/strong><\/p>\n\n\n\n<ul class=\"wp-block-list\">\n<li>Debes tener ingresos suficientes y un historial crediticio s\u00f3lido para calificar para un refinanciamiento con retiro de efectivo.<\/li>\n<\/ul>\n<\/div>\n<\/div>\n\n\n\n\n\n<p><\/p>","protected":false},"excerpt":{"rendered":"","protected":false},"author":1,"featured_media":0,"parent":0,"menu_order":0,"comment_status":"closed","ping_status":"closed","template":"","meta":{"pagelayer_contact_templates":[],"_pagelayer_content":"","footnotes":""},"class_list":["post-696","page","type-page","status-publish","hentry"],"_links":{"self":[{"href":"https:\/\/www.quickhome.loans\/es\/wp-json\/wp\/v2\/pages\/696","targetHints":{"allow":["GET"]}}],"collection":[{"href":"https:\/\/www.quickhome.loans\/es\/wp-json\/wp\/v2\/pages"}],"about":[{"href":"https:\/\/www.quickhome.loans\/es\/wp-json\/wp\/v2\/types\/page"}],"author":[{"embeddable":true,"href":"https:\/\/www.quickhome.loans\/es\/wp-json\/wp\/v2\/users\/1"}],"replies":[{"embeddable":true,"href":"https:\/\/www.quickhome.loans\/es\/wp-json\/wp\/v2\/comments?post=696"}],"version-history":[{"count":4,"href":"https:\/\/www.quickhome.loans\/es\/wp-json\/wp\/v2\/pages\/696\/revisions"}],"predecessor-version":[{"id":1098,"href":"https:\/\/www.quickhome.loans\/es\/wp-json\/wp\/v2\/pages\/696\/revisions\/1098"}],"wp:attachment":[{"href":"https:\/\/www.quickhome.loans\/es\/wp-json\/wp\/v2\/media?parent=696"}],"curies":[{"name":"wp","href":"https:\/\/api.w.org\/{rel}","templated":true}]}}