{"id":693,"date":"2025-01-06T11:14:02","date_gmt":"2025-01-06T17:14:02","guid":{"rendered":"https:\/\/quickhome.loans\/?page_id=693"},"modified":"2025-02-10T12:10:51","modified_gmt":"2025-02-10T18:10:51","slug":"conventional-refinance-loans","status":"publish","type":"page","link":"https:\/\/www.quickhome.loans\/es\/conventional-refinance-loans\/","title":{"rendered":"Pr\u00e9stamos Convencionales para Refinanciar"},"content":{"rendered":"<div class=\"wp-block-columns is-layout-flex wp-container-core-columns-is-layout-9d6595d7 wp-block-columns-is-layout-flex\">\n<div class=\"wp-block-column is-layout-flow wp-block-column-is-layout-flow\">\n<h1 class=\"wp-block-heading has-text-align-center has-white-color has-text-color has-link-color wp-elements-ad0857d3c045fe6467a8cebfeabb84ab\"><strong><strong>Pr\u00e9stamos Convencionales para Refinanciar<\/strong><\/strong><\/h1>\n\n\n<div class=\"wp-block-image\">\n<figure class=\"aligncenter size-large is-resized\"><img loading=\"lazy\" decoding=\"async\" width=\"1024\" height=\"683\" src=\"https:\/\/quickhome.loans\/wp-content\/uploads\/2024\/12\/loanfam-1024x683.webp\" alt=\"\" class=\"wp-image-650\" style=\"width:376px;height:auto\" title=\"\" srcset=\"https:\/\/www.quickhome.loans\/wp-content\/uploads\/2024\/12\/loanfam-1024x683.webp 1024w, https:\/\/www.quickhome.loans\/wp-content\/uploads\/2024\/12\/loanfam-300x200.webp 300w, https:\/\/www.quickhome.loans\/wp-content\/uploads\/2024\/12\/loanfam-768x512.webp 768w, https:\/\/www.quickhome.loans\/wp-content\/uploads\/2024\/12\/loanfam-1536x1024.webp 1536w, https:\/\/www.quickhome.loans\/wp-content\/uploads\/2024\/12\/loanfam-2048x1365.webp 2048w\" sizes=\"auto, (max-width: 1024px) 100vw, 1024px\" \/><\/figure>\n<\/div>\n\n\n<h5 class=\"wp-block-heading has-text-align-center has-white-color has-text-color has-link-color wp-elements-45db1fd6255ad85e32c20ca9616d5065\">Puedo ayudarte a encontrar la hipoteca convencional adecuada para la compra o refinanciamiento de tu hogar.<\/h5>\n<\/div>\n<\/div>\n\n\n\n\n\n\n\n<div class=\"wp-block-columns is-layout-flex wp-container-core-columns-is-layout-9d6595d7 wp-block-columns-is-layout-flex\">\n<div class=\"wp-block-column is-layout-flow wp-block-column-is-layout-flow\">\n<p>A conventional mortgage might be the right solution for your long-term financial goals. Whether you&#8217;re looking to refinance or purchase a home, Clendi Villar with River Bear Financial, LLC can help determine the best approach to meet your needs.<\/p>\n\n\n\n<h3 class=\"wp-block-heading\"><strong>Hipotecas de Tasa Fija<\/strong><\/h3>\n\n\n\n<p>Una hipoteca a tasa fija mantiene tu tasa de inter\u00e9s y pago mensual estables durante la vida del pr\u00e9stamo, ofreciendo estabilidad y previsibilidad.<\/p>\n\n\n\n<p><strong>Ventajas:<\/strong><\/p>\n\n\n\n<ul class=\"wp-block-list\">\n<li>Interest rate and payment will not change during the loan&#8217;s term.<\/li>\n\n\n\n<li>Provides financial stability since market fluctuations don&#8217;t impact your payments.<\/li>\n<\/ul>\n\n\n\n<p><strong>Desventajas:<\/strong><\/p>\n\n\n\n<ul class=\"wp-block-list\">\n<li>La tasa inicial puede ser m\u00e1s alta que la de una hipoteca a tasa ajustable (ARM).<\/li>\n\n\n\n<li>Los pagos mensuales podr\u00edan ser m\u00e1s altos en comparaci\u00f3n con un ARM.<\/li>\n\n\n\n<li>Las tasas no disminuir\u00e1n si las tasas del mercado bajan.<\/li>\n<\/ul>\n<\/div>\n<\/div>\n\n\n\n\n\n\n\n<div class=\"wp-block-columns is-layout-flex wp-container-core-columns-is-layout-9d6595d7 wp-block-columns-is-layout-flex\">\n<div class=\"wp-block-column is-layout-flow wp-block-column-is-layout-flow\">\n<h3 class=\"wp-block-heading\"><strong><strong>Hipotecas de Tasa Ajustable (ARM)<\/strong><\/strong><\/h3>\n\n\n\n<p>Un ARM generalmente ofrece una tasa de inter\u00e9s inicial m\u00e1s baja que una hipoteca a tasa fija, pero la tasa puede cambiar despu\u00e9s de un per\u00edodo establecido. Por ejemplo, un ARM 3\/1 tiene una tasa fija durante los primeros tres a\u00f1os y se ajusta anualmente despu\u00e9s.<\/p>\n\n\n\n<p><strong>Ventajas:<\/strong><\/p>\n\n\n\n<ul class=\"wp-block-list\">\n<li>Potencialmente tasas iniciales y pagos mensuales m\u00e1s bajos.<\/li>\n\n\n\n<li>Los pagos pueden disminuir si las tasas de mercado bajan.<\/li>\n\n\n\n<li>Los t\u00e9rminos ajustables pueden tener l\u00edmites para restringir aumentos.<\/li>\n<\/ul>\n\n\n\n<p><strong>Desventajas:<\/strong><\/p>\n\n\n\n<ul class=\"wp-block-list\">\n<li>Las tasas pueden aumentar si las tasas de mercado suben, causando que los pagos aumenten.<\/li>\n\n\n\n<li>Los l\u00edmites de pago podr\u00edan resultar en una amortizaci\u00f3n negativa (pagos que no cubren los intereses).<\/li>\n<\/ul>\n\n\n\n<p><strong>Un ARM es m\u00e1s beneficioso si planeas mudarte antes de que la tasa se ajuste o si esperas que las tasas de inter\u00e9s se mantengan bajas.<\/strong><\/p>\n<\/div>\n<\/div>","protected":false},"excerpt":{"rendered":"","protected":false},"author":1,"featured_media":0,"parent":0,"menu_order":0,"comment_status":"closed","ping_status":"closed","template":"","meta":{"pagelayer_contact_templates":[],"_pagelayer_content":"","footnotes":""},"class_list":["post-693","page","type-page","status-publish","hentry"],"_links":{"self":[{"href":"https:\/\/www.quickhome.loans\/es\/wp-json\/wp\/v2\/pages\/693","targetHints":{"allow":["GET"]}}],"collection":[{"href":"https:\/\/www.quickhome.loans\/es\/wp-json\/wp\/v2\/pages"}],"about":[{"href":"https:\/\/www.quickhome.loans\/es\/wp-json\/wp\/v2\/types\/page"}],"author":[{"embeddable":true,"href":"https:\/\/www.quickhome.loans\/es\/wp-json\/wp\/v2\/users\/1"}],"replies":[{"embeddable":true,"href":"https:\/\/www.quickhome.loans\/es\/wp-json\/wp\/v2\/comments?post=693"}],"version-history":[{"count":3,"href":"https:\/\/www.quickhome.loans\/es\/wp-json\/wp\/v2\/pages\/693\/revisions"}],"predecessor-version":[{"id":1105,"href":"https:\/\/www.quickhome.loans\/es\/wp-json\/wp\/v2\/pages\/693\/revisions\/1105"}],"wp:attachment":[{"href":"https:\/\/www.quickhome.loans\/es\/wp-json\/wp\/v2\/media?parent=693"}],"curies":[{"name":"wp","href":"https:\/\/api.w.org\/{rel}","templated":true}]}}