{"id":685,"date":"2025-01-06T11:14:02","date_gmt":"2025-01-06T17:14:02","guid":{"rendered":"https:\/\/quickhome.loans\/?page_id=685"},"modified":"2025-02-10T15:03:05","modified_gmt":"2025-02-10T21:03:05","slug":"jumbo-mortgages","status":"publish","type":"page","link":"https:\/\/www.quickhome.loans\/es\/jumbo-mortgages\/","title":{"rendered":"Hipotecas Jumbo"},"content":{"rendered":"<div class=\"wp-block-columns is-layout-flex wp-container-core-columns-is-layout-9d6595d7 wp-block-columns-is-layout-flex\">\n<div class=\"wp-block-column is-layout-flow wp-block-column-is-layout-flow\">\n<h1 class=\"wp-block-heading has-text-align-center has-white-color has-text-color has-link-color wp-elements-3763a612d8c4dc93cd9ea993c5f63078\"><strong><strong>Hipotecas Jumbo<\/strong><\/strong><\/h1>\n\n\n<div class=\"wp-block-image\">\n<figure class=\"aligncenter size-large is-resized\"><img loading=\"lazy\" decoding=\"async\" width=\"1024\" height=\"576\" src=\"https:\/\/quickhome.loans\/wp-content\/uploads\/2025\/01\/luxury-1024x576.webp\" alt=\"\" class=\"wp-image-686\" style=\"width:433px;height:auto\" title=\"\" srcset=\"https:\/\/www.quickhome.loans\/wp-content\/uploads\/2025\/01\/luxury-1024x576.webp 1024w, https:\/\/www.quickhome.loans\/wp-content\/uploads\/2025\/01\/luxury-300x169.webp 300w, https:\/\/www.quickhome.loans\/wp-content\/uploads\/2025\/01\/luxury-768x432.webp 768w, https:\/\/www.quickhome.loans\/wp-content\/uploads\/2025\/01\/luxury-1536x864.webp 1536w, https:\/\/www.quickhome.loans\/wp-content\/uploads\/2025\/01\/luxury-2048x1152.webp 2048w\" sizes=\"auto, (max-width: 1024px) 100vw, 1024px\" \/><\/figure>\n<\/div>\n\n\n<h4 class=\"wp-block-heading has-text-align-center has-white-color has-text-color has-link-color wp-elements-e04ef36f22119f93f14881d3bdd715b4\">Los pr\u00e9stamos jumbo ofrecen financiamiento para propiedades de alto valor, con opciones tanto de tasa fija como ajustable y caracter\u00edsticas similares a las de los pr\u00e9stamos convencionales.<\/h4>\n<\/div>\n<\/div>\n\n\n\n\n\n\n\n<div class=\"wp-block-columns is-layout-flex wp-container-core-columns-is-layout-9d6595d7 wp-block-columns-is-layout-flex\">\n<div class=\"wp-block-column is-layout-flow wp-block-column-is-layout-flow\">\n<h3 class=\"wp-block-heading\"><strong><strong>Hipotecas Jumbo<\/strong><\/strong><\/h3>\n\n\n\n<p>Las hipotecas jumbo son similares a los pr\u00e9stamos convencionales, pero est\u00e1n dise\u00f1adas para montos de pr\u00e9stamo m\u00e1s altos, generalmente utilizados para propiedades de lujo o de alto precio. Los pr\u00e9stamos jumbo se ofrecen con opciones de tasa fija y tasa ajustable, con los mismos beneficios y desaf\u00edos que los pr\u00e9stamos convencionales.<\/p>\n\n\n\n<p><strong><strong>Hipotecas Jumbo de Tasa Fija:<\/strong><\/strong><\/p>\n\n\n\n<ul class=\"wp-block-list\">\n<li>La tasa de inter\u00e9s y los pagos permanecen constantes, proporcionando estabilidad durante toda la vida del pr\u00e9stamo.<\/li>\n\n\n\n<li>Ideales si prefieres pagos predecibles con la opci\u00f3n de refinanciar si las tasas bajan.<\/li>\n<\/ul>\n\n\n\n<p><strong><strong>Hipotecas Jumbo de Tasa Ajustable (ARM):<\/strong><\/strong><\/p>\n\n\n\n<ul class=\"wp-block-list\">\n<li>Ofrecen tasas iniciales m\u00e1s bajas que las hipotecas de tasa fija, lo que puede resultar en pagos mensuales m\u00e1s bajos.<\/li>\n\n\n\n<li>Las tasas ajustables pueden aumentar o disminuir seg\u00fan las condiciones del mercado, pero se pueden establecer l\u00edmites para limitar los aumentos de tasa.<\/li>\n<\/ul>\n\n\n\n<p><strong>Elegibilidad:<\/strong><\/p>\n\n\n\n<ul class=\"wp-block-list\">\n<li>Los pr\u00e9stamos jumbo requieren s\u00f3lidas calificaciones financieras, incluyendo ingresos suficientes y un historial crediticio excelente, para demostrar la capacidad de pagar el monto del pr\u00e9stamo m\u00e1s alto.<\/li>\n<\/ul>\n<\/div>\n<\/div>\n\n\n\n\n\n<p><\/p>","protected":false},"excerpt":{"rendered":"","protected":false},"author":1,"featured_media":0,"parent":0,"menu_order":0,"comment_status":"closed","ping_status":"closed","template":"","meta":{"pagelayer_contact_templates":[],"_pagelayer_content":"","footnotes":""},"class_list":["post-685","page","type-page","status-publish","hentry"],"_links":{"self":[{"href":"https:\/\/www.quickhome.loans\/es\/wp-json\/wp\/v2\/pages\/685","targetHints":{"allow":["GET"]}}],"collection":[{"href":"https:\/\/www.quickhome.loans\/es\/wp-json\/wp\/v2\/pages"}],"about":[{"href":"https:\/\/www.quickhome.loans\/es\/wp-json\/wp\/v2\/types\/page"}],"author":[{"embeddable":true,"href":"https:\/\/www.quickhome.loans\/es\/wp-json\/wp\/v2\/users\/1"}],"replies":[{"embeddable":true,"href":"https:\/\/www.quickhome.loans\/es\/wp-json\/wp\/v2\/comments?post=685"}],"version-history":[{"count":4,"href":"https:\/\/www.quickhome.loans\/es\/wp-json\/wp\/v2\/pages\/685\/revisions"}],"predecessor-version":[{"id":1126,"href":"https:\/\/www.quickhome.loans\/es\/wp-json\/wp\/v2\/pages\/685\/revisions\/1126"}],"wp:attachment":[{"href":"https:\/\/www.quickhome.loans\/es\/wp-json\/wp\/v2\/media?parent=685"}],"curies":[{"name":"wp","href":"https:\/\/api.w.org\/{rel}","templated":true}]}}