{"id":639,"date":"2025-01-06T11:14:02","date_gmt":"2025-01-06T17:14:02","guid":{"rendered":"https:\/\/quickhome.loans\/?page_id=639"},"modified":"2025-02-10T15:06:05","modified_gmt":"2025-02-10T21:06:05","slug":"loan-options","status":"publish","type":"page","link":"https:\/\/www.quickhome.loans\/es\/loan-options\/","title":{"rendered":"Pr\u00e9stamos"},"content":{"rendered":"<div class=\"wp-block-columns is-layout-flex wp-container-core-columns-is-layout-9d6595d7 wp-block-columns-is-layout-flex\">\n<div class=\"wp-block-column is-layout-flow wp-block-column-is-layout-flow\">\n<h1 class=\"wp-block-heading has-text-align-center has-white-color has-text-color has-link-color wp-elements-e09a18dff497b3292e2e24ea1df8d643\"><strong>Opciones de Pr\u00e9stamos Hipotecarios<\/strong><\/h1>\n\n\n<div class=\"wp-block-image\">\n<figure class=\"aligncenter size-large is-resized\"><img loading=\"lazy\" decoding=\"async\" width=\"1024\" height=\"576\" src=\"https:\/\/quickhome.loans\/wp-content\/uploads\/2024\/12\/loan1-1024x576.webp\" alt=\"Loan Options\" class=\"wp-image-651\" style=\"width:452px;height:auto\" title=\"\" srcset=\"https:\/\/www.quickhome.loans\/wp-content\/uploads\/2024\/12\/loan1-1024x576.webp 1024w, https:\/\/www.quickhome.loans\/wp-content\/uploads\/2024\/12\/loan1-300x169.webp 300w, https:\/\/www.quickhome.loans\/wp-content\/uploads\/2024\/12\/loan1-768x432.webp 768w, https:\/\/www.quickhome.loans\/wp-content\/uploads\/2024\/12\/loan1-1536x864.webp 1536w, https:\/\/www.quickhome.loans\/wp-content\/uploads\/2024\/12\/loan1-2048x1153.webp 2048w\" sizes=\"auto, (max-width: 1024px) 100vw, 1024px\" \/><\/figure>\n<\/div><\/div>\n<\/div>\n\n\n\n\n\n\n\n<div class=\"wp-block-columns is-layout-flex wp-container-core-columns-is-layout-9d6595d7 wp-block-columns-is-layout-flex\">\n<div class=\"wp-block-column is-layout-flow wp-block-column-is-layout-flow\">\n<p>En QuickHome.Loans, nos destacamos por ofrecer un servicio al cliente excepcional y una amplia variedad de opciones de financiamiento para vivienda. Ya sea que compres tu primera casa o busques refinanciar, brindamos soluciones personalizadas para satisfacer tus necesidades espec\u00edficas.<\/p>\n\n\n\n<h3 class=\"wp-block-heading\"><strong>\u00bfPor D\u00f3nde Empezar?<\/strong><\/h3>\n\n\n\n<p>Al determinar cu\u00e1l opci\u00f3n de financiamiento para vivienda es la m\u00e1s adecuada para ti, comienza pregunt\u00e1ndote: \u00bfCu\u00e1l es tu objetivo financiero para el hogar?<\/p>\n\n\n\n<ul class=\"wp-block-list\">\n<li><strong>Comprar una Casa: <\/strong>There are various programs depending on your situation. Explore our &#8220;<a href=\"https:\/\/www.quickhome.loans\/es\/buying-a-home\/\" data-type=\"page\" data-id=\"412\">Comprar una Casa<\/a>&#8221; page or check out our purchase programs for more details.<\/li>\n\n\n\n<li><strong>Refinanciamiento: <\/strong>If you&#8217;re looking to lower your existing mortgage payments, acquire better loan terms, or consolidate your debt, visit our &#8220;<a href=\"https:\/\/www.quickhome.loans\/es\/refinancing\/\" data-type=\"page\" data-id=\"515\">Refinanciar<\/a>&#8221; page or browse our refinance programs below for more information.<\/li>\n\n\n\n<li><strong>Usar el Valor Acumulado de tu Hogar: <\/strong>A medida que realizas pagos en tu hipoteca, acumulas valor en tu hogar. Este valor puede ser aprovechado para prop\u00f3sitos como mejoras en el hogar, pagar matr\u00edculas universitarias o prepararte para la jubilaci\u00f3n.<\/li>\n<\/ul>\n\n\n\n<h3 class=\"wp-block-heading\"><strong>Nuestros Programas de Pr\u00e9stamos Hipotecarios<\/strong><\/h3>\n\n\n\n<p>Ofrecemos una variedad de programas de compra y refinanciamiento adaptados a las necesidades de nuestros clientes. Si tienes alguna pregunta sobre el proceso o nuestras ofertas, no dudes en <a href=\"https:\/\/www.quickhome.loans\/es\/contact\/\" data-type=\"page\" data-id=\"14\" target=\"_blank\" rel=\"noopener\">comunicarte.<\/a> Estamos aqu\u00ed para guiarte en cada paso y encontrar la opci\u00f3n de pr\u00e9stamo adecuada para tu situaci\u00f3n.<\/p>\n<\/div>\n<\/div>\n\n\n\n\n\n\n\n<div class=\"wp-block-columns is-layout-flex wp-container-core-columns-is-layout-9d6595d7 wp-block-columns-is-layout-flex\">\n<div class=\"wp-block-column is-layout-flow wp-block-column-is-layout-flow\">\n<h3 class=\"wp-block-heading\"><strong>Programas de Compra<\/strong><\/h3>\n\n\n\n<ul class=\"wp-block-list\">\n<li><a href=\"https:\/\/www.quickhome.loans\/es\/conventional-loans\/\" data-type=\"page\" data-id=\"674\" target=\"_blank\" rel=\"noopener\">Pr\u00e9stamos Convencionales<\/a><\/li>\n\n\n\n<li><a href=\"https:\/\/www.quickhome.loans\/es\/conventional-loans\/\" data-type=\"page\" data-id=\"674\" target=\"_blank\" rel=\"noopener\">Hipotecas de Tasa Ajustable<\/a><\/li>\n\n\n\n<li><a href=\"https:\/\/www.quickhome.loans\/es\/conventional-loans\/\" data-type=\"page\" data-id=\"674\" target=\"_blank\" rel=\"noopener\">Hipotecas de Tasa Fija<\/a><\/li>\n\n\n\n<li><a href=\"https:\/\/www.quickhome.loans\/es\/fha-home-loans\/\" data-type=\"page\" data-id=\"699\" target=\"_blank\" rel=\"noopener\">Pr\u00e9stamos FHA para Vivienda<\/a><\/li>\n\n\n\n<li><a href=\"https:\/\/www.quickhome.loans\/es\/fha-203k-home-loans\/\" data-type=\"page\" data-id=\"708\" target=\"_blank\" rel=\"noopener\">Pr\u00e9stamos FHA 203(K) para Vivienda<\/a><\/li>\n\n\n\n<li><a href=\"https:\/\/www.quickhome.loans\/es\/usda-loan\/\" data-type=\"page\" data-id=\"893\">Pr\u00e9stamos USDA<\/a><\/li>\n\n\n\n<li><a href=\"https:\/\/www.quickhome.loans\/es\/va-home-loans\/\" data-type=\"page\" data-id=\"721\" target=\"_blank\" rel=\"noopener\">Pr\u00e9stamos para Vivienda VA<\/a><\/li>\n\n\n\n<li><a href=\"https:\/\/www.quickhome.loans\/es\/jumbo-mortgages\/\" data-type=\"page\" data-id=\"685\" target=\"_blank\" rel=\"noopener\">Hipotecas Jumbo<\/a><\/li>\n\n\n\n<li><a href=\"https:\/\/www.quickhome.loans\/es\/specialty-loan-programs\/\" data-type=\"page\" data-id=\"689\" target=\"_blank\" rel=\"noopener\">Programas de Pr\u00e9stamos Especiales<\/a><\/li>\n\n\n\n<li><a href=\"https:\/\/www.quickhome.loans\/es\/itin\/\" data-type=\"page\" data-id=\"1058\">ITIN<\/a><\/li>\n<\/ul>\n\n\n\n<h3 class=\"wp-block-heading\"><strong>Programas de Refinanciamiento<\/strong><\/h3>\n\n\n\n<ul class=\"wp-block-list\">\n<li><a href=\"https:\/\/www.quickhome.loans\/es\/fha-refinance-loans\/\" data-type=\"page\" data-id=\"716\" target=\"_blank\" rel=\"noopener\">Pr\u00e9stamos FHA para Refinanciamiento<\/a><\/li>\n\n\n\n<li><a href=\"https:\/\/www.quickhome.loans\/es\/fha-203k-refinance-loans\/\" data-type=\"page\" data-id=\"712\" target=\"_blank\" rel=\"noopener\">Pr\u00e9stamos FHA 203(K) para Refinanciamiento<\/a><\/li>\n\n\n\n<li><a href=\"https:\/\/www.quickhome.loans\/es\/va-interest-rate-reduction-refinance-loans-irrrl\/\" data-type=\"page\" data-id=\"725\" target=\"_blank\" rel=\"noopener\">Pr\u00e9stamos VA de Reducci\u00f3n de Tasa de Inter\u00e9s<\/a><\/li>\n\n\n\n<li><a href=\"https:\/\/www.quickhome.loans\/es\/cash-out-refinancing\/\" data-type=\"page\" data-id=\"696\" target=\"_blank\" rel=\"noopener\">Refinanciamiento con Retiro de Efectivo<\/a><\/li>\n\n\n\n<li><a href=\"https:\/\/www.quickhome.loans\/es\/conventional-refinance-loans\/\" data-type=\"page\" data-id=\"693\" target=\"_blank\" rel=\"noopener\">Pr\u00e9stamos Convencionales de Refinanciamiento<\/a><\/li>\n<\/ul>\n<\/div>\n<\/div>","protected":false},"excerpt":{"rendered":"","protected":false},"author":1,"featured_media":0,"parent":0,"menu_order":0,"comment_status":"closed","ping_status":"closed","template":"","meta":{"pagelayer_contact_templates":[],"_pagelayer_content":"","footnotes":""},"class_list":["post-639","page","type-page","status-publish","hentry"],"_links":{"self":[{"href":"https:\/\/www.quickhome.loans\/es\/wp-json\/wp\/v2\/pages\/639","targetHints":{"allow":["GET"]}}],"collection":[{"href":"https:\/\/www.quickhome.loans\/es\/wp-json\/wp\/v2\/pages"}],"about":[{"href":"https:\/\/www.quickhome.loans\/es\/wp-json\/wp\/v2\/types\/page"}],"author":[{"embeddable":true,"href":"https:\/\/www.quickhome.loans\/es\/wp-json\/wp\/v2\/users\/1"}],"replies":[{"embeddable":true,"href":"https:\/\/www.quickhome.loans\/es\/wp-json\/wp\/v2\/comments?post=639"}],"version-history":[{"count":11,"href":"https:\/\/www.quickhome.loans\/es\/wp-json\/wp\/v2\/pages\/639\/revisions"}],"predecessor-version":[{"id":1128,"href":"https:\/\/www.quickhome.loans\/es\/wp-json\/wp\/v2\/pages\/639\/revisions\/1128"}],"wp:attachment":[{"href":"https:\/\/www.quickhome.loans\/es\/wp-json\/wp\/v2\/media?parent=639"}],"curies":[{"name":"wp","href":"https:\/\/api.w.org\/{rel}","templated":true}]}}