{"id":580,"date":"2024-12-29T21:36:53","date_gmt":"2024-12-30T03:36:53","guid":{"rendered":"https:\/\/quickhome.loans\/?page_id=580"},"modified":"2025-02-10T15:09:39","modified_gmt":"2025-02-10T21:09:39","slug":"refinancing-for-retirement","status":"publish","type":"page","link":"https:\/\/www.quickhome.loans\/es\/refinancing-for-retirement\/","title":{"rendered":"Refinanciamiento para la jubilaci\u00f3n"},"content":{"rendered":"<div class=\"wp-block-columns is-layout-flex wp-container-core-columns-is-layout-9d6595d7 wp-block-columns-is-layout-flex\">\n<div class=\"wp-block-column is-layout-flow wp-block-column-is-layout-flow\">\n<h1 class=\"wp-block-heading has-text-align-center has-white-color has-text-color has-link-color wp-elements-ea1f9dc654c6423e476027d9413f4386\"><strong>Refinanciamiento para la jubilaci\u00f3n<\/strong><\/h1>\n\n\n<div class=\"wp-block-image\">\n<figure class=\"aligncenter size-large is-resized\"><img loading=\"lazy\" decoding=\"async\" width=\"1024\" height=\"681\" src=\"https:\/\/quickhome.loans\/wp-content\/uploads\/2024\/12\/retirement-1024x681.jpeg\" alt=\"Refinancing for Retirement\" class=\"wp-image-582\" style=\"width:475px;height:auto\" title=\"\" srcset=\"https:\/\/www.quickhome.loans\/wp-content\/uploads\/2024\/12\/retirement-1024x681.jpeg 1024w, https:\/\/www.quickhome.loans\/wp-content\/uploads\/2024\/12\/retirement-300x200.jpeg 300w, https:\/\/www.quickhome.loans\/wp-content\/uploads\/2024\/12\/retirement-768x511.jpeg 768w, https:\/\/www.quickhome.loans\/wp-content\/uploads\/2024\/12\/retirement-1536x1022.jpeg 1536w, https:\/\/www.quickhome.loans\/wp-content\/uploads\/2024\/12\/retirement-2048x1363.jpeg 2048w\" sizes=\"auto, (max-width: 1024px) 100vw, 1024px\" \/><\/figure>\n<\/div>\n\n\n<h4 class=\"wp-block-heading has-text-align-center has-white-color has-text-color has-link-color wp-elements-12a1acb144bae0f6dd4878489c6ede5c\">Planifica con Anticipaci\u00f3n: Asegura tu Libertad Financiera Hoy<\/h4>\n<\/div>\n<\/div>\n\n\n\n\n\n\n\n<div class=\"wp-block-columns is-layout-flex wp-container-core-columns-is-layout-9d6595d7 wp-block-columns-is-layout-flex\">\n<div class=\"wp-block-column is-layout-flow wp-block-column-is-layout-flow\">\n<h4 class=\"wp-block-heading\"><strong>Algunos propietarios refinancian su hipoteca como estrategia para fortalecer sus fondos de jubilaci\u00f3n, ya sea reduciendo los pagos mensuales o accediendo al capital de su casa.<\/strong><\/h4>\n\n\n\n<p><strong>Ventajas:<\/strong><\/p>\n\n\n\n<ul class=\"wp-block-list\">\n<li>Pagos mensuales m\u00e1s bajos pueden liberar fondos para otros gastos de jubilaci\u00f3n.<\/li>\n\n\n\n<li>Reducir gastos o mudarse a una comunidad de retiro puede ser m\u00e1s f\u00e1cil con pagos m\u00e1s bajos.<\/li>\n\n\n\n<li>Los Pr\u00e9stamos de Conversi\u00f3n de Capital de Vivienda (HECM) te permiten acceder al capital de tu casa como una forma de ingreso durante la jubilaci\u00f3n.<\/li>\n<\/ul>\n\n\n\n<p><strong>Desventajas<\/strong>:<\/p>\n\n\n\n<ul class=\"wp-block-list\">\n<li>El refinanciamiento puede incluir costos de cierre significativos que podr\u00edan contrarrestar los posibles ahorros.<\/li>\n\n\n\n<li>Podr\u00eda extender el plazo de tu pr\u00e9stamo, impidiendo que lo pagues antes de fallecer y reduciendo la capacidad de dejar la casa como herencia.<\/li>\n\n\n\n<li>Otras opciones, como un HECM, podr\u00edan ser m\u00e1s beneficiosas que el refinanciamiento tradicional.<\/li>\n<\/ul>\n\n\n\n<p><strong>Tipos de Pr\u00e9stamos para Ingresos de Jubilaci\u00f3n:<\/strong><\/p>\n\n\n\n<ul class=\"wp-block-list\">\n<li>Pr\u00e9stamo HECM: Este pr\u00e9stamo te permite acceder al capital de tu casa sin pagos mensuales, lo que puede ayudarte a cubrir gastos de vida.<\/li>\n\n\n\n<li>HECM para Compra: Combina la capacidad de comprar una nueva casa con una hipoteca inversa.<\/li>\n<\/ul>\n<\/div>\n<\/div>","protected":false},"excerpt":{"rendered":"","protected":false},"author":1,"featured_media":0,"parent":0,"menu_order":0,"comment_status":"closed","ping_status":"closed","template":"","meta":{"pagelayer_contact_templates":[],"_pagelayer_content":"","footnotes":""},"class_list":["post-580","page","type-page","status-publish","hentry"],"_links":{"self":[{"href":"https:\/\/www.quickhome.loans\/es\/wp-json\/wp\/v2\/pages\/580","targetHints":{"allow":["GET"]}}],"collection":[{"href":"https:\/\/www.quickhome.loans\/es\/wp-json\/wp\/v2\/pages"}],"about":[{"href":"https:\/\/www.quickhome.loans\/es\/wp-json\/wp\/v2\/types\/page"}],"author":[{"embeddable":true,"href":"https:\/\/www.quickhome.loans\/es\/wp-json\/wp\/v2\/users\/1"}],"replies":[{"embeddable":true,"href":"https:\/\/www.quickhome.loans\/es\/wp-json\/wp\/v2\/comments?post=580"}],"version-history":[{"count":3,"href":"https:\/\/www.quickhome.loans\/es\/wp-json\/wp\/v2\/pages\/580\/revisions"}],"predecessor-version":[{"id":1134,"href":"https:\/\/www.quickhome.loans\/es\/wp-json\/wp\/v2\/pages\/580\/revisions\/1134"}],"wp:attachment":[{"href":"https:\/\/www.quickhome.loans\/es\/wp-json\/wp\/v2\/media?parent=580"}],"curies":[{"name":"wp","href":"https:\/\/api.w.org\/{rel}","templated":true}]}}