{"id":570,"date":"2024-12-29T21:39:40","date_gmt":"2024-12-30T03:39:40","guid":{"rendered":"https:\/\/quickhome.loans\/?page_id=570"},"modified":"2025-02-10T15:14:57","modified_gmt":"2025-02-10T21:14:57","slug":"refinancing-to-protect-equity","status":"publish","type":"page","link":"https:\/\/www.quickhome.loans\/es\/refinancing-to-protect-equity\/","title":{"rendered":"Refinanciamiento para proteger el patrimonio"},"content":{"rendered":"<div class=\"wp-block-columns is-layout-flex wp-container-core-columns-is-layout-9d6595d7 wp-block-columns-is-layout-flex\">\n<div class=\"wp-block-column is-layout-flow wp-block-column-is-layout-flow\">\n<h1 class=\"wp-block-heading has-text-align-center has-white-color has-text-color has-link-color wp-elements-e127fb038a74499a1c7a4df57370aac3\"><strong>Refinanciamiento para proteger el patrimonio<\/strong><\/h1>\n\n\n<div class=\"wp-block-image\">\n<figure class=\"aligncenter size-large is-resized\"><img loading=\"lazy\" decoding=\"async\" width=\"1024\" height=\"682\" src=\"https:\/\/quickhome.loans\/wp-content\/uploads\/2024\/12\/equity-1024x682.jpg\" alt=\"Refinancing to Protect Equity\" class=\"wp-image-571\" style=\"width:438px;height:auto\" title=\"\" srcset=\"https:\/\/www.quickhome.loans\/wp-content\/uploads\/2024\/12\/equity-1024x682.jpg 1024w, https:\/\/www.quickhome.loans\/wp-content\/uploads\/2024\/12\/equity-300x200.jpg 300w, https:\/\/www.quickhome.loans\/wp-content\/uploads\/2024\/12\/equity-768x512.jpg 768w, https:\/\/www.quickhome.loans\/wp-content\/uploads\/2024\/12\/equity-1536x1023.jpg 1536w, https:\/\/www.quickhome.loans\/wp-content\/uploads\/2024\/12\/equity-2048x1364.jpg 2048w\" sizes=\"auto, (max-width: 1024px) 100vw, 1024px\" \/><\/figure>\n<\/div>\n\n\n<h3 class=\"wp-block-heading has-text-align-center has-white-color has-text-color has-link-color wp-elements-51e698115954b64a78dadc663b1db5c7\">Protecting tomorrow&#8217;s income, today<\/h3>\n<\/div>\n<\/div>\n\n\n\n\n\n\n\n<div class=\"wp-block-columns is-layout-flex wp-container-core-columns-is-layout-9d6595d7 wp-block-columns-is-layout-flex\">\n<div class=\"wp-block-column is-layout-flow wp-block-column-is-layout-flow\">\n<h5 class=\"wp-block-heading\">Las tasas hipotecarias fluct\u00faan, y el refinanciamiento ofrece a los propietarios la oportunidad de asegurar una tasa m\u00e1s baja, especialmente si actualmente pagan una tasa alta. El refinanciamiento puede ayudarte a construir capital m\u00e1s r\u00e1pido al asegurar una tasa fija m\u00e1s baja.<\/h5>\n\n\n\n<p><strong>Ventajas<\/strong>:<\/p>\n\n\n\n<ul class=\"wp-block-list\">\n<li>Refinanciar a una tasa m\u00e1s baja con el mismo pago construye capital m\u00e1s r\u00e1pido.<\/li>\n\n\n\n<li>Si planeas mudarte pronto, un pago m\u00e1s bajo puede ayudarte a ahorrar para los gastos de mudanza.<\/li>\n\n\n\n<li>Liberar fondos de un pago m\u00e1s bajo puede usarse para pagar deudas u otras necesidades financieras.<\/li>\n<\/ul>\n\n\n\n<p><strong>Desventajas<\/strong>:<\/p>\n\n\n\n<ul class=\"wp-block-list\">\n<li>El refinanciamiento a menudo incluye costos de cierre que podr\u00edan superar los ahorros a largo plazo.<\/li>\n<\/ul>\n<\/div>\n<\/div>","protected":false},"excerpt":{"rendered":"","protected":false},"author":1,"featured_media":0,"parent":0,"menu_order":0,"comment_status":"closed","ping_status":"closed","template":"","meta":{"pagelayer_contact_templates":[],"_pagelayer_content":"","footnotes":""},"class_list":["post-570","page","type-page","status-publish","hentry"],"_links":{"self":[{"href":"https:\/\/www.quickhome.loans\/es\/wp-json\/wp\/v2\/pages\/570","targetHints":{"allow":["GET"]}}],"collection":[{"href":"https:\/\/www.quickhome.loans\/es\/wp-json\/wp\/v2\/pages"}],"about":[{"href":"https:\/\/www.quickhome.loans\/es\/wp-json\/wp\/v2\/types\/page"}],"author":[{"embeddable":true,"href":"https:\/\/www.quickhome.loans\/es\/wp-json\/wp\/v2\/users\/1"}],"replies":[{"embeddable":true,"href":"https:\/\/www.quickhome.loans\/es\/wp-json\/wp\/v2\/comments?post=570"}],"version-history":[{"count":5,"href":"https:\/\/www.quickhome.loans\/es\/wp-json\/wp\/v2\/pages\/570\/revisions"}],"predecessor-version":[{"id":1139,"href":"https:\/\/www.quickhome.loans\/es\/wp-json\/wp\/v2\/pages\/570\/revisions\/1139"}],"wp:attachment":[{"href":"https:\/\/www.quickhome.loans\/es\/wp-json\/wp\/v2\/media?parent=570"}],"curies":[{"name":"wp","href":"https:\/\/api.w.org\/{rel}","templated":true}]}}