{"id":565,"date":"2024-12-29T21:39:33","date_gmt":"2024-12-30T03:39:33","guid":{"rendered":"https:\/\/quickhome.loans\/?page_id=565"},"modified":"2025-02-10T15:14:35","modified_gmt":"2025-02-10T21:14:35","slug":"refinancing-to-pay-off-debt","status":"publish","type":"page","link":"https:\/\/www.quickhome.loans\/es\/refinancing-to-pay-off-debt\/","title":{"rendered":"Refinanciamiento para pagar deudas"},"content":{"rendered":"<div class=\"wp-block-columns is-layout-flex wp-container-core-columns-is-layout-9d6595d7 wp-block-columns-is-layout-flex\">\n<div class=\"wp-block-column is-layout-flow wp-block-column-is-layout-flow\">\n<h1 class=\"wp-block-heading has-text-align-center has-white-color has-text-color has-link-color wp-elements-9e82d12a3e85497cf688983f7041c2f5\"><strong>Refinanciamiento para pagar deudas<\/strong><\/h1>\n\n\n<div class=\"wp-block-image\">\n<figure class=\"aligncenter size-large is-resized\"><img loading=\"lazy\" decoding=\"async\" width=\"1024\" height=\"678\" src=\"https:\/\/quickhome.loans\/wp-content\/uploads\/2024\/12\/refidebt-1024x678.jpg\" alt=\"Refinancing to Pay Off Debt\" class=\"wp-image-566\" style=\"width:481px;height:auto\" title=\"\" srcset=\"https:\/\/www.quickhome.loans\/wp-content\/uploads\/2024\/12\/refidebt-1024x678.jpg 1024w, https:\/\/www.quickhome.loans\/wp-content\/uploads\/2024\/12\/refidebt-300x199.jpg 300w, https:\/\/www.quickhome.loans\/wp-content\/uploads\/2024\/12\/refidebt-768x509.jpg 768w, https:\/\/www.quickhome.loans\/wp-content\/uploads\/2024\/12\/refidebt-1536x1017.jpg 1536w, https:\/\/www.quickhome.loans\/wp-content\/uploads\/2024\/12\/refidebt-2048x1356.jpg 2048w\" sizes=\"auto, (max-width: 1024px) 100vw, 1024px\" \/><\/figure>\n<\/div>\n\n\n<h3 class=\"wp-block-heading has-text-align-center has-white-color has-text-color has-link-color wp-elements-cc107d581741888885449da72845db96\">Optimiza tus Finanzas y Ahorra M\u00e1s<\/h3>\n<\/div>\n<\/div>\n\n\n\n\n\n\n\n<div class=\"wp-block-columns is-layout-flex wp-container-core-columns-is-layout-9d6595d7 wp-block-columns-is-layout-flex\">\n<div class=\"wp-block-column is-layout-flow wp-block-column-is-layout-flow\">\n<h4 class=\"wp-block-heading\"><strong>Muchos propietarios usan su hipoteca como herramienta para consolidar deudas, especialmente si tienen obligaciones con intereses altos. Al refinanciar, puedes combinar tus deudas en un solo pago hipotecario con intereses m\u00e1s bajos, haci\u00e9ndolo m\u00e1s manejable.<\/strong><\/h4>\n\n\n\n<p><strong>Ventajas:<\/strong><\/p>\n\n\n\n<ul class=\"wp-block-list\">\n<li>Las tasas de inter\u00e9s hipotecarias suelen ser m\u00e1s bajas que las de tarjetas de cr\u00e9dito o pr\u00e9stamos personales.<\/li>\n\n\n\n<li>Simplifica los pagos mensuales al consolidar m\u00faltiples facturas en una sola.<\/li>\n\n\n\n<li>Los intereses hipotecarios pueden ser deducibles de impuestos en algunos casos, ofreciendo posibles beneficios fiscales.<\/li>\n<\/ul>\n\n\n\n<p><strong>Desventajas<\/strong>:<\/p>\n\n\n\n<ul class=\"wp-block-list\">\n<li>Psicol\u00f3gicamente, la consolidaci\u00f3n de deudas puede dar la impresi\u00f3n de que la deuda ha desaparecido, lo que podr\u00eda fomentar el gasto excesivo.<\/li>\n\n\n\n<li>Colocar la deuda en tu hipoteca pone tu casa en riesgo si no puedes hacer los pagos.<\/li>\n\n\n\n<li>Refinancing comes with costs that might be burdensome, particularly if you&#8217;re already in financial distress.<\/li>\n<\/ul>\n<\/div>\n<\/div>","protected":false},"excerpt":{"rendered":"","protected":false},"author":1,"featured_media":0,"parent":0,"menu_order":0,"comment_status":"closed","ping_status":"closed","template":"","meta":{"pagelayer_contact_templates":[],"_pagelayer_content":"","footnotes":""},"class_list":["post-565","page","type-page","status-publish","hentry"],"_links":{"self":[{"href":"https:\/\/www.quickhome.loans\/es\/wp-json\/wp\/v2\/pages\/565","targetHints":{"allow":["GET"]}}],"collection":[{"href":"https:\/\/www.quickhome.loans\/es\/wp-json\/wp\/v2\/pages"}],"about":[{"href":"https:\/\/www.quickhome.loans\/es\/wp-json\/wp\/v2\/types\/page"}],"author":[{"embeddable":true,"href":"https:\/\/www.quickhome.loans\/es\/wp-json\/wp\/v2\/users\/1"}],"replies":[{"embeddable":true,"href":"https:\/\/www.quickhome.loans\/es\/wp-json\/wp\/v2\/comments?post=565"}],"version-history":[{"count":5,"href":"https:\/\/www.quickhome.loans\/es\/wp-json\/wp\/v2\/pages\/565\/revisions"}],"predecessor-version":[{"id":1138,"href":"https:\/\/www.quickhome.loans\/es\/wp-json\/wp\/v2\/pages\/565\/revisions\/1138"}],"wp:attachment":[{"href":"https:\/\/www.quickhome.loans\/es\/wp-json\/wp\/v2\/media?parent=565"}],"curies":[{"name":"wp","href":"https:\/\/api.w.org\/{rel}","templated":true}]}}