{"id":544,"date":"2024-12-29T21:36:53","date_gmt":"2024-12-30T03:36:53","guid":{"rendered":"https:\/\/quickhome.loans\/?page_id=544"},"modified":"2025-02-10T15:09:15","modified_gmt":"2025-02-10T21:09:15","slug":"refinancing-faqs","status":"publish","type":"page","link":"https:\/\/www.quickhome.loans\/es\/refinancing-faqs\/","title":{"rendered":"Preguntas Frecuentes sobre Refinanciamiento"},"content":{"rendered":"<div class=\"wp-block-columns is-layout-flex wp-container-core-columns-is-layout-9d6595d7 wp-block-columns-is-layout-flex\">\n<div class=\"wp-block-column is-layout-flow wp-block-column-is-layout-flow\">\n<h1 class=\"wp-block-heading has-text-align-center has-white-color has-text-color has-link-color wp-elements-8b1d7b20c40f3477d92e500bf961de1a\">Preguntas Frecuentes sobre Refinanciamiento<\/h1>\n\n\n<div class=\"wp-block-image\">\n<figure class=\"aligncenter size-full is-resized\"><img loading=\"lazy\" decoding=\"async\" width=\"1024\" height=\"1024\" src=\"https:\/\/quickhome.loans\/wp-content\/uploads\/2024\/12\/refiqna-1.webp\" alt=\"Refinance FAQs\" class=\"wp-image-547\" style=\"width:355px;height:auto\" title=\"\" srcset=\"https:\/\/www.quickhome.loans\/wp-content\/uploads\/2024\/12\/refiqna-1.webp 1024w, https:\/\/www.quickhome.loans\/wp-content\/uploads\/2024\/12\/refiqna-1-300x300.webp 300w, https:\/\/www.quickhome.loans\/wp-content\/uploads\/2024\/12\/refiqna-1-150x150.webp 150w, https:\/\/www.quickhome.loans\/wp-content\/uploads\/2024\/12\/refiqna-1-768x768.webp 768w\" sizes=\"auto, (max-width: 1024px) 100vw, 1024px\" \/><\/figure>\n<\/div>\n\n\n<h4 class=\"wp-block-heading has-text-align-center has-white-color has-text-color has-link-color wp-elements-99f9cebbf45bdb4d24d8a49f8fc38db1\">Tu Gu\u00eda a Preguntas y Respuestas Comunes sobre la Refinanciaci\u00f3n de Viviendas<\/h4>\n\n\n\n\n\n<p>Refinanciar reemplaza tu hipoteca actual con un nuevo pr\u00e9stamo, generalmente para obtener mejores condiciones. A menudo se utiliza para reducir las tasas de inter\u00e9s y ahorrar dinero a lo largo del tiempo del pr\u00e9stamo.<\/p>\n\n\n\n\n\n<p>Razones comunes para refinanciar incluyen:<\/p>\n\n\n\n<ul class=\"wp-block-list\">\n<li>Reducir los pagos mensuales mediante mejores tasas de inter\u00e9s.<\/li>\n\n\n\n<li>Cambiar el plazo del pr\u00e9stamo, como acortar la duraci\u00f3n del mismo.<\/li>\n\n\n\n<li>Consolidar deudas en un solo pr\u00e9stamo con una tasa de inter\u00e9s m\u00e1s baja.<\/li>\n\n\n\n<li>Convertir una hipoteca de tasa ajustable (ARM) en una de tasa fija para mayor estabilidad.<\/li>\n\n\n\n<li>Acceder al valor acumulado de la vivienda mediante una refinanciaci\u00f3n con retiro de efectivo para cubrir gastos como reparaciones del hogar.<\/li>\n<\/ul>\n\n\n\n\n\n<p>Refinancing follows a similar process to your initial mortgage application. Lenders will review your income, credit score, and home value. You&#8217;ll then choose a loan product that aligns with your goals.<\/p>\n\n\n\n\n\n<p>Existen diversas opciones de refinanciaci\u00f3n, incluyendo:<\/p>\n\n\n\n<ul class=\"wp-block-list\">\n<li>Pr\u00e9stamos hipotecarios convencionales<\/li>\n\n\n\n<li>Refinanciamiento Simplificado FHA<\/li>\n\n\n\n<li>Pr\u00e9stamos FHA 203(k) para Refinanciamiento<\/li>\n\n\n\n<li>Y m\u00e1s<\/li>\n<\/ul>\n\n\n\n\n\n<p>La refinanciaci\u00f3n puede ofrecer varios beneficios, seg\u00fan tu situaci\u00f3n:<\/p>\n\n\n\n<ul class=\"wp-block-list\">\n<li>Pagos mensuales m\u00e1s bajos pueden aliviar tu situaci\u00f3n financiera, pero considera el costo total a lo largo del tiempo.<\/li>\n\n\n\n<li>Acortar el plazo de tu pr\u00e9stamo puede ahorrar dinero en intereses si tu situaci\u00f3n financiera mejora.<\/li>\n\n\n\n<li>Acceder al valor acumulado de tu vivienda puede proporcionar fondos para gastos importantes, como reparaciones del hogar.<\/li>\n<\/ul>\n\n\n\n\n\n<ul class=\"wp-block-list\">\n<li>Formularios W-2 de los \u00faltimos dos a\u00f1os<\/li>\n\n\n\n<li>Si tienes propiedades en alquiler, acuerdos de alquiler y declaraciones de impuestos de los \u00faltimos dos a\u00f1os.<\/li>\n\n\n\n<li>Tus \u00faltimos 2 estados de cuenta bancarios y los m\u00e1s recientes de cuentas de jubilaci\u00f3n, fondos mutuos o cuentas de acciones<\/li>\n\n\n\n<li>Acuerdos de liquidaci\u00f3n o decretos de divorcio si aplica<\/li>\n\n\n\n<li>Tarjetas de residencia, visas L-1\/H-1 para no ciudadanos<\/li>\n\n\n\n<li>Talones de pago recientes y prueba de otros ingresos<\/li>\n\n\n\n<li>Tu nota hipotecaria actual<\/li>\n\n\n\n<li>Otra documentaci\u00f3n puede ser solicitada.<\/li>\n<\/ul>\n\n\n\n\n\n<ul class=\"wp-block-list\">\n<li><strong>Proof of income &#8211;<\/strong> proporciona copias de tus talones de pago<\/li>\n\n\n\n<li><strong>Tax information &#8211; <\/strong>proporciona copias de tus declaraciones de impuestos de los \u00faltimos dos a\u00f1os<\/li>\n\n\n\n<li><strong>Credit Reports &#8211;<\/strong> se realizar\u00e1 una verificaci\u00f3n de cr\u00e9dito<\/li>\n\n\n\n<li><strong>Debts &#8211; <\/strong>proporciona documentaci\u00f3n de tus saldos pendientes, como pr\u00e9stamos de autom\u00f3viles<\/li>\n<\/ul>\n\n\n\n\n\n<p>Los puntos son pagos de intereses iniciales hechos para reducir la tasa de inter\u00e9s de tu hipoteca. Un punto equivale al 1% del monto de tu pr\u00e9stamo. Pagar puntos reduce tus pagos mensuales, pero implica un costo inicial. Determinar si pagar puntos es adecuado para ti depende de factores como cu\u00e1nto tiempo planeas quedarte en la vivienda y cu\u00e1nto puedes pagar por adelantado. Por lo general, las personas con hipotecas a largo plazo pueden optar por pagar puntos para reducir los pagos, mientras que aquellas que planean vender en un plazo de 5 a 7 a\u00f1os podr\u00edan decidir no pagar puntos.<\/p>\n\n\n\n\n\n<p>Tu puntaje FICO indica tu solvencia crediticia, ayudando a los prestamistas a evaluar la probabilidad de que reembolses un pr\u00e9stamo. Se basa en:<\/p>\n\n\n\n<ul class=\"wp-block-list\">\n<li>Historial de pagos<\/li>\n\n\n\n<li>Historial de empleo<\/li>\n\n\n\n<li>Duraci\u00f3n del historial de cr\u00e9dito<\/li>\n\n\n\n<li>Utilizaci\u00f3n de cr\u00e9dito<\/li>\n\n\n\n<li>Elementos negativos (por ejemplo, cobranzas, bancarrotas)<\/li>\n<\/ul>\n\n\n\n\n\n<p>Mejorar tu puntaje de cr\u00e9dito requiere tiempo y disciplina. Algunas formas de aumentarlo incluyen:<\/p>\n\n\n\n<ul class=\"wp-block-list\">\n<li>Pagar las facturas a tiempo<\/li>\n\n\n\n<li>Reducir saldos de cr\u00e9dito<\/li>\n\n\n\n<li>Evitar consultas excesivas de cr\u00e9dito<\/li>\n\n\n\n<li>Establecer un historial de cr\u00e9dito si no tienes uno<\/li>\n<\/ul>\n\n\n\n\n\n<p>Si hay un error en tu informe de cr\u00e9dito, rep\u00f3rtalo a la agencia de cr\u00e9dito y al acreedor involucrado. Tambi\u00e9n puedes trabajar con un especialista en reparaci\u00f3n de cr\u00e9dito para garantizar que se corrija el error.<\/p>\n\n\n\n\n\n<p>Tu informe de cr\u00e9dito contiene:<\/p>\n\n\n\n<ul class=\"wp-block-list\">\n<li>Informaci\u00f3n de identificaci\u00f3n (Nombre, N\u00famero de Seguro Social, Tel\u00e9fono, Direcci\u00f3n)<\/li>\n\n\n\n<li>Deudas y cuentas<\/li>\n\n\n\n<li>Cobranzas, bancarrotas y demandas<\/li>\n\n\n\n<li>Consultas realizadas en los \u00faltimos dos a\u00f1os<\/li>\n<\/ul>\n\n\n\n\n\n<p>Mortgage rates are affected by economic conditions such as inflation, growth, the Federal Reserve&#8217;s policy, and the state of the bond and housing markets. Additionally, your financial health plays a significant role in determining the rate you receive.<\/p>\n\n\n\n\n\n<ul class=\"wp-block-list\">\n<li><strong>La precalificaci\u00f3n <\/strong>proporciona una estimaci\u00f3n de cu\u00e1nto podr\u00edas pedir prestado basado en una evaluaci\u00f3n informal. No garantiza aprobaci\u00f3n.<\/li>\n\n\n\n<li><strong>La preaprobaci\u00f3n <\/strong>es un proceso m\u00e1s completo que implica la presentaci\u00f3n de documentos, como ingresos e historial crediticio, y te da una posici\u00f3n m\u00e1s fuerte al hacer ofertas por viviendas.<\/li>\n<\/ul>\n\n\n\n\n\n<p>Un bloqueo de tasa garantiza una tasa de inter\u00e9s espec\u00edfica por un per\u00edodo determinado, protegi\u00e9ndote de aumentos en las tasas antes del cierre. Sin embargo, si las tasas bajan, podr\u00edas perderte la tasa m\u00e1s baja.<\/p>\n\n\n\n\n\n<p>S\u00ed, los prestamistas suelen vender hipotecas a otros inversionistas. Si esto ocurre, los t\u00e9rminos de tu pr\u00e9stamo permanecen iguales, pero realizar\u00e1s los pagos al nuevo prestamista.<\/p>\n\n\n\n\n\n<p>Even if your lender goes out of business, your loan remains in effect, and payments will be transferred to another lender. Your loan&#8217;s terms remain unchanged.<\/p>\n\n\n\n\n\n<p>El PMI protege al prestamista en caso de que incumplas un pr\u00e9stamo. Generalmente se requiere cuando tu pago inicial es menor al 20%. Cuanto mayor sea tu pago inicial, menor ser\u00e1 el costo del PMI.<\/p>\n\n\n\n\n\n<p>Consulta a tu oficial de pr\u00e9stamo antes de hacer compras grandes durante el proceso del pr\u00e9stamo. Cambios significativos en tu relaci\u00f3n deuda-ingresos pueden afectar negativamente la aprobaci\u00f3n de tu pr\u00e9stamo.<\/p>\n\n\n\n\n\n<p>Si anticipas cambiar de empleo durante el proceso del pr\u00e9stamo, informa a tu oficial de pr\u00e9stamo. Los prestamistas prefieren solicitantes con un historial laboral estable y verificable, generalmente de dos a\u00f1os o m\u00e1s.<\/p>\n\n\n\n\n\n<p>Una inspecci\u00f3n del hogar es crucial para entender el estado de una propiedad antes de comprarla. Tambi\u00e9n puede ayudarte en negociaciones para un precio m\u00e1s bajo o reparaciones antes de la compra.<\/p>\n\n\n<\/div>\n<\/div>","protected":false},"excerpt":{"rendered":"","protected":false},"author":1,"featured_media":0,"parent":0,"menu_order":0,"comment_status":"closed","ping_status":"closed","template":"","meta":{"pagelayer_contact_templates":[],"_pagelayer_content":"","footnotes":""},"class_list":["post-544","page","type-page","status-publish","hentry"],"_links":{"self":[{"href":"https:\/\/www.quickhome.loans\/es\/wp-json\/wp\/v2\/pages\/544","targetHints":{"allow":["GET"]}}],"collection":[{"href":"https:\/\/www.quickhome.loans\/es\/wp-json\/wp\/v2\/pages"}],"about":[{"href":"https:\/\/www.quickhome.loans\/es\/wp-json\/wp\/v2\/types\/page"}],"author":[{"embeddable":true,"href":"https:\/\/www.quickhome.loans\/es\/wp-json\/wp\/v2\/users\/1"}],"replies":[{"embeddable":true,"href":"https:\/\/www.quickhome.loans\/es\/wp-json\/wp\/v2\/comments?post=544"}],"version-history":[{"count":11,"href":"https:\/\/www.quickhome.loans\/es\/wp-json\/wp\/v2\/pages\/544\/revisions"}],"predecessor-version":[{"id":1133,"href":"https:\/\/www.quickhome.loans\/es\/wp-json\/wp\/v2\/pages\/544\/revisions\/1133"}],"wp:attachment":[{"href":"https:\/\/www.quickhome.loans\/es\/wp-json\/wp\/v2\/media?parent=544"}],"curies":[{"name":"wp","href":"https:\/\/api.w.org\/{rel}","templated":true}]}}