{"id":528,"date":"2024-12-29T21:36:52","date_gmt":"2024-12-30T03:36:52","guid":{"rendered":"https:\/\/quickhome.loans\/?page_id=528"},"modified":"2025-02-10T14:57:48","modified_gmt":"2025-02-10T20:57:48","slug":"how-to-refinance","status":"publish","type":"page","link":"https:\/\/www.quickhome.loans\/es\/how-to-refinance\/","title":{"rendered":"C\u00f3mo Refinanciar"},"content":{"rendered":"<div class=\"wp-block-columns is-layout-flex wp-container-core-columns-is-layout-9d6595d7 wp-block-columns-is-layout-flex\">\n<div class=\"wp-block-column is-layout-flow wp-block-column-is-layout-flow\">\n<h1 class=\"wp-block-heading has-text-align-center has-white-color has-text-color has-link-color wp-elements-60e4e1e00c7b648def3cc7d3f6dcbfce\"><strong>C\u00f3mo Refinanciar<\/strong><\/h1>\n\n\n<div class=\"wp-block-image\">\n<figure class=\"aligncenter size-full is-resized\"><img loading=\"lazy\" decoding=\"async\" width=\"1280\" height=\"640\" src=\"https:\/\/quickhome.loans\/wp-content\/uploads\/2024\/12\/housemap.jpg\" alt=\"\" class=\"wp-image-541\" style=\"width:520px;height:auto\" title=\"\" srcset=\"https:\/\/www.quickhome.loans\/wp-content\/uploads\/2024\/12\/housemap.jpg 1280w, https:\/\/www.quickhome.loans\/wp-content\/uploads\/2024\/12\/housemap-300x150.jpg 300w, https:\/\/www.quickhome.loans\/wp-content\/uploads\/2024\/12\/housemap-1024x512.jpg 1024w, https:\/\/www.quickhome.loans\/wp-content\/uploads\/2024\/12\/housemap-768x384.jpg 768w\" sizes=\"auto, (max-width: 1280px) 100vw, 1280px\" \/><\/figure>\n<\/div>\n\n\n<h4 class=\"wp-block-heading has-text-align-center has-white-color has-text-color has-link-color wp-elements-101825bd0ce44b41fbb56eacdc8aa6ca\"><strong>Tu gu\u00eda paso a paso<\/strong><\/h4>\n<\/div>\n<\/div>\n\n\n\n\n\n\n\n<div class=\"wp-block-columns is-layout-flex wp-container-core-columns-is-layout-9d6595d7 wp-block-columns-is-layout-flex\">\n<div class=\"wp-block-column is-layout-flow wp-block-column-is-layout-flow\">\n<p>Refinanciar tu hipoteca puede ser un cambio radical en la gesti\u00f3n de tus finanzas. Al asegurar un plazo de pr\u00e9stamo m\u00e1s favorable o una tasa de inter\u00e9s m\u00e1s baja, puedes ahorrar dinero y mejorar tu flujo de efectivo. Refinanciar tambi\u00e9n te ofrece una forma de acceder a fondos para reparaciones en el hogar u otros gastos importantes.<br><br>QuickHome.Loans se dedica a simplificar el proceso de refinanciamiento, gui\u00e1ndote en cada paso del camino.<\/p>\n\n\n\n\n\n<p>Al igual que al comprar una casa, la precalificaci\u00f3n ayuda a determinar el monto m\u00e1ximo del pr\u00e9stamo que puedes pagar. Es un primer paso importante que te muestra cu\u00e1nto puedes pedir prestado.<\/p>\n\n\n\n\n\n<p>Your credit score is an important factor in determining the type of loan you qualify for. Here&#8217;s what you can do to improve your chances:<\/p>\n\n\n\n<ul class=\"wp-block-list\">\n<li>Conoce tu puntuaci\u00f3n de cr\u00e9dito antes de reunirte con un prestamista.<\/li>\n\n\n\n<li>Verifica la precisi\u00f3n de tu informe de cr\u00e9dito. Disputa cualquier error de inmediato para evitar retrasos.<\/li>\n\n\n\n<li>Reduce los saldos altos para mejorar tu \u00edndice de utilizaci\u00f3n de cr\u00e9dito.<\/li>\n\n\n\n<li>Set up payment plans for delinquent accounts to show you&#8217;re working on your financial obligations.<\/li>\n<\/ul>\n\n\n\n\n\n<p>Comun\u00edcate con QuickHome.Loans para hablar sobre tus opciones de refinanciamiento. Aunque puedes investigar tipos de pr\u00e9stamos por tu cuenta, un consultor de pr\u00e9stamos te ayudar\u00e1 a evaluar tu situaci\u00f3n y recomendar la mejor soluci\u00f3n.<\/p>\n\n\n\n\n\n<p>Once prequalified, it&#8217;s time to gather your documents and get everything in order.<\/p>\n\n\n\n<p><strong>Re\u00fane los Documentos Requeridos:<\/strong><\/p>\n\n\n\n<ul class=\"wp-block-list\">\n<li><strong>Informaci\u00f3n de Identidad e Ingresos:<\/strong>\n<ul class=\"wp-block-list\">\n<li>Nombre completo legal, SSN y fecha de nacimiento<\/li>\n\n\n\n<li>Identificaci\u00f3n emitida por el gobierno y comprobante de ingresos<\/li>\n\n\n\n<li>Valores de cuentas bancarias, de inversi\u00f3n y de jubilaci\u00f3n<\/li>\n\n\n\n<li>Obligaciones mensuales de deuda e informaci\u00f3n sobre la propiedad<\/li>\n<\/ul>\n<\/li>\n\n\n\n<li><strong>Para Trabajadores Independientes:<\/strong>\n<ul class=\"wp-block-list\">\n<li>Declaraciones de impuestos personales y empresariales<\/li>\n\n\n\n<li>Estado de ganancias y p\u00e9rdidas<\/li>\n<\/ul>\n<\/li>\n\n\n\n<li><strong>Informaci\u00f3n de Cr\u00e9dito:<\/strong>\n<ul class=\"wp-block-list\">\n<li>Cartas de explicaci\u00f3n para pagos atrasados o juicios<\/li>\n\n\n\n<li>Fuente de fondos para dep\u00f3sitos grandes<\/li>\n\n\n\n<li>Documentos de quiebra o de la corte, si aplica<\/li>\n<\/ul>\n<\/li>\n\n\n\n<li><strong>Documentaci\u00f3n de Ingresos e Impuestos:<\/strong>\n<ul class=\"wp-block-list\">\n<li>Formulario 4506-T del IRS<\/li>\n\n\n\n<li>Formularios W-2 y recibos de pago<\/li>\n\n\n\n<li>Declaraciones de impuestos y estados de cuenta bancarios<\/li>\n<\/ul>\n<\/li>\n<\/ul>\n\n\n\n\n\n<p>Completa los documentos del pr\u00e9stamo, incluyendo la autorizaci\u00f3n de cr\u00e9dito y el aviso de pr\u00e9stamos justos, luego env\u00eda tu solicitud completa.<\/p>\n\n\n\n\n\n<p>La estimaci\u00f3n del pr\u00e9stamo proporciona detalles clave, como tasas de inter\u00e9s y pagos mensuales. Aseg\u00farate de revisar cuidadosamente este documento y compararlo con tus necesidades.<\/p>\n\n\n\n\n\n<p>El analista puede pedir documentos adicionales o aclaraciones. Responde de manera r\u00e1pida y precisa para mantener el proceso avanzando sin problemas.<\/p>\n\n\n\n\n\n<p>Aunque no siempre es requerido, una tasaci\u00f3n de la vivienda puede ayudar a garantizar que recibas un monto de pr\u00e9stamo justo. Una tasaci\u00f3n actualizada ayuda a asegurar los mejores productos hipotecarios para tu situaci\u00f3n.<\/p>\n\n\n\n\n\n<p>Una vez que hayas elegido el pr\u00e9stamo, obt\u00e9n por escrito el monto del pr\u00e9stamo, la tasa de inter\u00e9s y otros t\u00e9rminos antes de proceder.<\/p>\n\n\n\n\n\n<p>Una vez que todo est\u00e9 en orden, fija una fecha de cierre. Aseg\u00farate de:<\/p>\n\n\n\n<ul class=\"wp-block-list\">\n<li>Revisar todos los documentos finales antes de firmar.<\/li>\n\n\n\n<li>Llevar un cheque de caja para los costos de cierre y el pago inicial.<\/li>\n\n\n\n<li>Mostrar tu identificaci\u00f3n y posiblemente tu tarjeta del Seguro Social.<\/li>\n<\/ul>\n\n\n\n\n\n<p>El prestamista debe proporcionar una Divulgaci\u00f3n de Cierre dentro de los tres d\u00edas previos al cierre del pr\u00e9stamo. Comp\u00e1rala minuciosamente con tu Estimaci\u00f3n de Pr\u00e9stamo y haz cualquier pregunta sobre los t\u00e9rminos.<\/p>\n\n\n\n\n\n<p>Has refinanciado exitosamente tu hipoteca. Ya sea que hayas ahorrado dinero o ganado m\u00e1s flexibilidad financiera, QuickHome.Loans est\u00e1 aqu\u00ed para apoyarte en el futuro.<\/p>\n\n\n\n\n\n<p>We&#8217;re pleased to offer additional resources to help you better understand the benefits of refinancing and other key aspects of the process.<\/p>\n\n\n\n<ul class=\"wp-block-list\">\n<li><strong>Refinanciar<\/strong>: Explora c\u00f3mo el refinanciamiento de tu hipoteca puede proporcionar beneficios financieros.<\/li>\n\n\n\n<li><strong>Preguntas Frecuentes sobre Refinanciamiento<\/strong>: Respuestas a preguntas comunes sobre refinanciamiento.<\/li>\n\n\n\n<li><strong>Refinanciamiento para Consolidar Deudas<\/strong>: Informaci\u00f3n detallada sobre c\u00f3mo usar el valor de tu vivienda para consolidar deudas.<\/li>\n\n\n\n<li><strong>Refinanciamiento para Preservar el Valor de la Vivienda<\/strong>: Aprende c\u00f3mo el refinanciamiento puede ayudar a proteger el valor de tu vivienda.<\/li>\n<\/ul>\n\n\n\n\n\n<p>Refinanciar tu hipoteca puede ser un movimiento estrat\u00e9gico dependiendo de tus metas financieras y circunstancias. Si alguna de las siguientes declaraciones se aplica a ti, puede valer la pena considerar el refinanciamiento:<\/p>\n\n\n\n<ul class=\"wp-block-list\">\n<li><strong>Quiero estabilizar mis pagos con una nueva tasa fija.<\/strong><br>If your current mortgage has an adjustable rate and you&#8217;d prefer consistent payments, a fixed-rate mortgage could offer you peace of mind. <a href=\"https:\/\/www.quickhome.loans\/es\/conventional-loans\/\" target=\"_blank\" rel=\"noopener\">Aprende m\u00e1s sobre Hipotecas de Tasa Fija.<\/a><\/li>\n\n\n\n<li><strong>Quiero una tasa que pueda ser m\u00e1s baja o que podr\u00eda disminuir.<\/strong><br>Si planeas vender tu casa pronto o crees que una hipoteca de tasa ajustable (ARM) se adapta a tus necesidades, podr\u00edas beneficiarte de pagos iniciales m\u00e1s bajos. <a href=\"https:\/\/www.quickhome.loans\/es\/conventional-loans\/\" target=\"_blank\" rel=\"noopener\">Aprende m\u00e1s sobre Hipotecas de Tasa Ajustable.<\/a><\/li>\n\n\n\n<li><strong>Soy un veterano.<\/strong><br>Los veteranos pueden usar el Pr\u00e9stamo de Reducci\u00f3n de Tasa de Inter\u00e9s VA (IRRRL) para reducir las tasas de inter\u00e9s o pasar de una ARM VA a una hipoteca de tasa fija VA. <a href=\"https:\/\/www.quickhome.loans\/es\/va-home-loans\/\" target=\"_blank\" rel=\"noopener\">Aprende m\u00e1s sobre Pr\u00e9stamos VA.<\/a><\/li>\n\n\n\n<li><strong>Tengo ingresos bajos.<\/strong><br>Un pr\u00e9stamo Non-QM (Hipoteca No Calificada) te permite calificar usando m\u00e9todos alternativos como estados de cuenta bancarios o activos en lugar de la verificaci\u00f3n tradicional de ingresos. <a href=\"https:\/\/www.quickhome.loans\/es\/specialty-loan-programs\/\" target=\"_blank\" rel=\"noopener\">Aprende m\u00e1s sobre Pr\u00e9stamos Non-QM.<\/a><\/li>\n\n\n\n<li><strong>Necesito cerrar r\u00e1pido sin verificaci\u00f3n de ingresos.<\/strong><br>Para cierres r\u00e1pidos sin verificaci\u00f3n de ingresos, considera un Pr\u00e9stamo de Dinero R\u00e1pido o Puente. Estos pr\u00e9stamos a corto plazo para propiedades residenciales de inversi\u00f3n pueden cubrir el vac\u00edo hasta asegurar financiamiento permanente. <a href=\"https:\/\/www.quickhome.loans\/es\/specialty-loan-programs\/\" target=\"_blank\" rel=\"noopener\">Aprende m\u00e1s sobre Pr\u00e9stamos Especiales.<\/a><\/li>\n\n\n\n<li><strong>Tengo un pr\u00e9stamo hipotecario FHA.<\/strong><br>Si actualmente tienes un pr\u00e9stamo FHA, opciones como el refinanciamiento FHA Streamline o un refinanciamiento con retiro de efectivo FHA pueden ayudar a reducir los pagos o convertir tu ARM a una hipoteca de tasa fija. <a href=\"https:\/\/www.quickhome.loans\/es\/fha-home-loans\/\" data-type=\"page\" data-id=\"699\" target=\"_blank\" rel=\"noopener\">Aprende m\u00e1s sobre Pr\u00e9stamos FHA.<\/a><\/li>\n<\/ul>\n\n\n<\/div>\n<\/div>\n\n\n\n\n\n<p><\/p>","protected":false},"excerpt":{"rendered":"","protected":false},"author":1,"featured_media":0,"parent":0,"menu_order":0,"comment_status":"closed","ping_status":"closed","template":"","meta":{"pagelayer_contact_templates":[],"_pagelayer_content":"","footnotes":""},"class_list":["post-528","page","type-page","status-publish","hentry"],"_links":{"self":[{"href":"https:\/\/www.quickhome.loans\/es\/wp-json\/wp\/v2\/pages\/528","targetHints":{"allow":["GET"]}}],"collection":[{"href":"https:\/\/www.quickhome.loans\/es\/wp-json\/wp\/v2\/pages"}],"about":[{"href":"https:\/\/www.quickhome.loans\/es\/wp-json\/wp\/v2\/types\/page"}],"author":[{"embeddable":true,"href":"https:\/\/www.quickhome.loans\/es\/wp-json\/wp\/v2\/users\/1"}],"replies":[{"embeddable":true,"href":"https:\/\/www.quickhome.loans\/es\/wp-json\/wp\/v2\/comments?post=528"}],"version-history":[{"count":14,"href":"https:\/\/www.quickhome.loans\/es\/wp-json\/wp\/v2\/pages\/528\/revisions"}],"predecessor-version":[{"id":1122,"href":"https:\/\/www.quickhome.loans\/es\/wp-json\/wp\/v2\/pages\/528\/revisions\/1122"}],"wp:attachment":[{"href":"https:\/\/www.quickhome.loans\/es\/wp-json\/wp\/v2\/media?parent=528"}],"curies":[{"name":"wp","href":"https:\/\/api.w.org\/{rel}","templated":true}]}}