{"id":515,"date":"2024-12-29T21:36:53","date_gmt":"2024-12-30T03:36:53","guid":{"rendered":"https:\/\/quickhome.loans\/?page_id=515"},"modified":"2025-02-10T15:08:31","modified_gmt":"2025-02-10T21:08:31","slug":"refinancing","status":"publish","type":"page","link":"https:\/\/www.quickhome.loans\/es\/refinancing\/","title":{"rendered":"Refinanciar"},"content":{"rendered":"<div class=\"wp-block-columns is-layout-flex wp-container-core-columns-is-layout-9d6595d7 wp-block-columns-is-layout-flex\">\n<div class=\"wp-block-column is-layout-flow wp-block-column-is-layout-flow\">\n<h1 class=\"wp-block-heading has-text-align-center has-white-color has-text-color has-link-color wp-elements-8f2221b68ba313d9d3d19f79c9934876\">Logra una Mayor Flexibilidad Financiera<\/h1>\n\n\n<div class=\"wp-block-image\">\n<figure class=\"aligncenter size-full is-resized\"><img loading=\"lazy\" decoding=\"async\" width=\"1024\" height=\"1024\" src=\"https:\/\/quickhome.loans\/wp-content\/uploads\/2024\/12\/moneybeam.webp\" alt=\"\" class=\"wp-image-525\" style=\"width:341px;height:auto\" title=\"\" srcset=\"https:\/\/www.quickhome.loans\/wp-content\/uploads\/2024\/12\/moneybeam.webp 1024w, https:\/\/www.quickhome.loans\/wp-content\/uploads\/2024\/12\/moneybeam-300x300.webp 300w, https:\/\/www.quickhome.loans\/wp-content\/uploads\/2024\/12\/moneybeam-150x150.webp 150w, https:\/\/www.quickhome.loans\/wp-content\/uploads\/2024\/12\/moneybeam-768x768.webp 768w\" sizes=\"auto, (max-width: 1024px) 100vw, 1024px\" \/><\/figure>\n<\/div>\n\n\n<h5 class=\"wp-block-heading has-text-align-center has-white-color has-text-color has-link-color wp-elements-d4ec3ec47979841dab19e0fc700212db\"><strong>Refinanciar puede ser una herramienta poderosa para los propietarios que buscan aprovechar t\u00e9rminos de pr\u00e9stamo m\u00e1s favorables.\nConsiste en reemplazar tu hipoteca actual con una nueva que ofrezca beneficios como una tasa de inter\u00e9s m\u00e1s baja, diferentes t\u00e9rminos de pago o incluso pagos mensuales m\u00e1s bajos.<\/strong><\/h5>\n<\/div>\n<\/div>\n\n\n\n\n\n\n\n<div class=\"wp-block-columns is-layout-flex wp-container-core-columns-is-layout-9d6595d7 wp-block-columns-is-layout-flex\">\n<div class=\"wp-block-column is-layout-flow wp-block-column-is-layout-flow\">\n<h3 class=\"wp-block-heading\"><strong>Beneficios clave de refinanciar<\/strong>:<\/h3>\n\n\n\n<ul class=\"wp-block-list\">\n<li><strong>Reducir tu tasa de inter\u00e9s:<\/strong>\n<ul class=\"wp-block-list\">\n<li>Refinancing to a lower interest rate can save you significant money over the life of your loan. While refinancing might lower your monthly payment, it\u2019s essential to factor in any associated fees and compare the total costs to ensure it&#8217;s the most cost-effective choice in the long run.<\/li>\n<\/ul>\n<\/li>\n\n\n\n<li><strong>Modificar el plazo de tu pr\u00e9stamo:<\/strong>\n<ul class=\"wp-block-list\">\n<li>Changing the length of your loan term (e.g., from 30 years to 15 years) can help you pay off your loan faster, save on interest, and build equity more quickly. You can also extend the loan term if you&#8217;re facing financial hardship, making your payments more manageable.<\/li>\n<\/ul>\n<\/li>\n\n\n\n<li><strong>Consolidar tus deudas:<\/strong>\n<ul class=\"wp-block-list\">\n<li>Si tienes deudas con tasas de inter\u00e9s altas (por ejemplo, tarjetas de cr\u00e9dito), refinanciar puede permitirte consolidarlas en tu hipoteca. Esto puede simplificar tus pagos y, potencialmente, reducir tus costos generales de inter\u00e9s si la tasa de la hipoteca es m\u00e1s favorable.<\/li>\n<\/ul>\n<\/li>\n\n\n\n<li><strong>Hacer los pagos predecibles:<\/strong>\n<ul class=\"wp-block-list\">\n<li>Si actualmente tienes una hipoteca de tasa ajustable (ARM), convertirla a una hipoteca de tasa fija puede estabilizar tus pagos, facilitando la planificaci\u00f3n de tu presupuesto y futuro.<\/li>\n<\/ul>\n<\/li>\n\n\n\n<li><strong>Consolidar Hipotecas:<\/strong>\n<ul class=\"wp-block-list\">\n<li>If you have multiple mortgages, refinancing can allow you to combine them into one. This simplifies repayment and might lead to savings, as you&#8217;ll only have to manage one loan with one interest rate.<\/li>\n<\/ul>\n<\/li>\n\n\n\n<li><strong>Acceder a efectivo:<\/strong>\n<ul class=\"wp-block-list\">\n<li>Un refinanciamiento con retiro de efectivo te permite aprovechar el capital que has acumulado en tu hogar. Puedes usar este efectivo para diversos prop\u00f3sitos, como mejoras en el hogar, pagar la universidad o cubrir gastos m\u00e9dicos inesperados.<\/li>\n<\/ul>\n<\/li>\n<\/ul>\n<\/div>\n<\/div>\n\n\n\n\n\n\n\n<div class=\"wp-block-columns is-layout-flex wp-container-core-columns-is-layout-9d6595d7 wp-block-columns-is-layout-flex\">\n<div class=\"wp-block-column is-layout-flow wp-block-column-is-layout-flow\">\n<h4 class=\"wp-block-heading\"><strong>Existen diferentes programas de pr\u00e9stamos para refinanciamiento disponibles, incluyendo:<\/strong><\/h4>\n\n\n\n<ul class=\"wp-block-list\">\n<li>Pr\u00e9stamos Convencionales<\/li>\n\n\n\n<li>Pr\u00e9stamos VA de Reducci\u00f3n de Tasa de Inter\u00e9s<\/li>\n\n\n\n<li>Pr\u00e9stamos FHA 203(k) para Refinanciamiento<\/li>\n\n\n\n<li>Refinanciamiento Simplificado FHA<\/li>\n\n\n\n<li>Refinanciamiento Simplificado Rural USDA<\/li>\n<\/ul>\n<\/div>\n<\/div>","protected":false},"excerpt":{"rendered":"","protected":false},"author":1,"featured_media":0,"parent":0,"menu_order":0,"comment_status":"closed","ping_status":"closed","template":"","meta":{"pagelayer_contact_templates":[],"_pagelayer_content":"","footnotes":""},"class_list":["post-515","page","type-page","status-publish","hentry"],"_links":{"self":[{"href":"https:\/\/www.quickhome.loans\/es\/wp-json\/wp\/v2\/pages\/515","targetHints":{"allow":["GET"]}}],"collection":[{"href":"https:\/\/www.quickhome.loans\/es\/wp-json\/wp\/v2\/pages"}],"about":[{"href":"https:\/\/www.quickhome.loans\/es\/wp-json\/wp\/v2\/types\/page"}],"author":[{"embeddable":true,"href":"https:\/\/www.quickhome.loans\/es\/wp-json\/wp\/v2\/users\/1"}],"replies":[{"embeddable":true,"href":"https:\/\/www.quickhome.loans\/es\/wp-json\/wp\/v2\/comments?post=515"}],"version-history":[{"count":11,"href":"https:\/\/www.quickhome.loans\/es\/wp-json\/wp\/v2\/pages\/515\/revisions"}],"predecessor-version":[{"id":1131,"href":"https:\/\/www.quickhome.loans\/es\/wp-json\/wp\/v2\/pages\/515\/revisions\/1131"}],"wp:attachment":[{"href":"https:\/\/www.quickhome.loans\/es\/wp-json\/wp\/v2\/media?parent=515"}],"curies":[{"name":"wp","href":"https:\/\/api.w.org\/{rel}","templated":true}]}}