{"id":486,"date":"2024-12-29T14:59:36","date_gmt":"2024-12-29T20:59:36","guid":{"rendered":"https:\/\/quickhome.loans\/?page_id=486"},"modified":"2025-02-10T12:05:13","modified_gmt":"2025-02-10T18:05:13","slug":"advice-for-buying-your-first-home","status":"publish","type":"page","link":"https:\/\/www.quickhome.loans\/es\/advice-for-buying-your-first-home\/","title":{"rendered":"Consejos para Comprar tu Primera Casa"},"content":{"rendered":"<div class=\"wp-block-columns is-layout-flex wp-container-core-columns-is-layout-9d6595d7 wp-block-columns-is-layout-flex\">\n<div class=\"wp-block-column is-layout-flow wp-block-column-is-layout-flow\">\n<h1 class=\"wp-block-heading has-text-align-center has-white-color has-text-color has-link-color wp-elements-4746df8f1e728eedd00e06ad62216a22\">Consejos para Comprar tu Primera Casa<\/h1>\n\n\n<div class=\"wp-block-image\">\n<figure class=\"aligncenter size-large is-resized\"><img loading=\"lazy\" decoding=\"async\" width=\"1024\" height=\"603\" src=\"https:\/\/quickhome.loans\/wp-content\/uploads\/2024\/12\/homesweethome-1024x603.jpg\" alt=\"First-Time Homebuyer\" class=\"wp-image-500\" style=\"width:486px;height:auto\" title=\"First-Time Homebuyer\" srcset=\"https:\/\/www.quickhome.loans\/wp-content\/uploads\/2024\/12\/homesweethome-1024x603.jpg 1024w, https:\/\/www.quickhome.loans\/wp-content\/uploads\/2024\/12\/homesweethome-300x177.jpg 300w, https:\/\/www.quickhome.loans\/wp-content\/uploads\/2024\/12\/homesweethome-768x452.jpg 768w, https:\/\/www.quickhome.loans\/wp-content\/uploads\/2024\/12\/homesweethome.jpg 1280w\" sizes=\"auto, (max-width: 1024px) 100vw, 1024px\" \/><\/figure>\n<\/div>\n\n\n<h3 class=\"wp-block-heading has-text-align-center has-white-color has-text-color has-link-color wp-elements-9ebfaac51895a61fd0525f0438d385c7\">First-Time Homebuyer? Here&#8217;s What You Should Know!<\/h3>\n<\/div>\n<\/div>\n\n\n\n\n\n\n\n<div class=\"wp-block-columns is-layout-flex wp-container-core-columns-is-layout-9d6595d7 wp-block-columns-is-layout-flex\">\n<div class=\"wp-block-column is-layout-flow wp-block-column-is-layout-flow\">\n<p>Purchasing your first home is an exciting milestone, but it can also feel overwhelming. I&#8217;m dedicated to helping you navigate the process with confidence. <a href=\"https:\/\/www.quickhome.loans\/es\/about\/\" data-type=\"page\" data-id=\"15\">Mi objetivo<\/a> es hacer que el proceso sea lo m\u00e1s fluido y libre de estr\u00e9s posible, para que puedas concentrarte en la emoci\u00f3n de convertirte en propietario de una vivienda.<\/p>\n\n\n\n<p>If you\u2019d like to start by gathering some information on your own, I&#8217;ve put together resources designed to be helpful and informative. When you&#8217;re ready to take the next step, we\u2019d love the opportunity to assist you further.<\/p>\n<\/div>\n<\/div>\n\n\n\n\n\n\n\n<div class=\"wp-block-columns is-layout-flex wp-container-core-columns-is-layout-9d6595d7 wp-block-columns-is-layout-flex\">\n<div class=\"wp-block-column is-layout-flow wp-block-column-is-layout-flow\">\n\n\n<p>Aseg\u00farate de que tu puntaje crediticio est\u00e9 en buen estado y disputa los errores en tu informe.<\/p>\n\n\n\n\n\n<p>Familiar\u00edzate con los t\u00e9rminos para facilitar el proceso.<\/p>\n\n\n\n\n\n<p>Considera todas tus obligaciones financieras, incluidos impuestos, seguros y posibles cuotas de HOA.<\/p>\n\n\n\n\n\n<p>Apunta a una relaci\u00f3n del 43% o menos para calificar para un pr\u00e9stamo tradicional.<\/p>\n\n\n\n\n\n<p>Pre-approval is more reliable and shows sellers you&#8217;re serious.<\/p>\n\n\n\n\n\n<p>No te concentres solo en las tasas; trabaja con un prestamista de buena reputaci\u00f3n.<\/p>\n\n\n\n\n\n<p>Encuentra un agente de confianza con experiencia en el \u00e1rea que deseas.<\/p>\n\n\n\n\n\n<p>Considera factores como tiempos de traslado y distritos escolares.<\/p>\n\n\n\n\n\n<p>Evita hacer compras importantes o cambiar de trabajo durante el proceso del pr\u00e9stamo.<\/p>\n\n\n\n\n\n<p>Siempre haz inspeccionar la casa para evitar problemas inesperados.<\/p>\n\n\n\n\n\n<p>Aseg\u00farate de que todas las promesas y los t\u00e9rminos del pr\u00e9stamo est\u00e9n documentados.<\/p>\n\n\n\n\n\n<h4 class=\"wp-block-heading\"><strong>Pensamientos finales:<\/strong><\/h4>\n\n\n\n<p>While the process may seem overwhelming, professionals like mortgage brokers can guide you through it, ensuring you understand each step. I&#8217;m ready to assist with any questions.<\/p>\n<\/div>\n<\/div>","protected":false},"excerpt":{"rendered":"","protected":false},"author":1,"featured_media":0,"parent":0,"menu_order":0,"comment_status":"closed","ping_status":"closed","template":"","meta":{"pagelayer_contact_templates":[],"_pagelayer_content":"","footnotes":""},"class_list":["post-486","page","type-page","status-publish","hentry"],"_links":{"self":[{"href":"https:\/\/www.quickhome.loans\/es\/wp-json\/wp\/v2\/pages\/486","targetHints":{"allow":["GET"]}}],"collection":[{"href":"https:\/\/www.quickhome.loans\/es\/wp-json\/wp\/v2\/pages"}],"about":[{"href":"https:\/\/www.quickhome.loans\/es\/wp-json\/wp\/v2\/types\/page"}],"author":[{"embeddable":true,"href":"https:\/\/www.quickhome.loans\/es\/wp-json\/wp\/v2\/users\/1"}],"replies":[{"embeddable":true,"href":"https:\/\/www.quickhome.loans\/es\/wp-json\/wp\/v2\/comments?post=486"}],"version-history":[{"count":15,"href":"https:\/\/www.quickhome.loans\/es\/wp-json\/wp\/v2\/pages\/486\/revisions"}],"predecessor-version":[{"id":1101,"href":"https:\/\/www.quickhome.loans\/es\/wp-json\/wp\/v2\/pages\/486\/revisions\/1101"}],"wp:attachment":[{"href":"https:\/\/www.quickhome.loans\/es\/wp-json\/wp\/v2\/media?parent=486"}],"curies":[{"name":"wp","href":"https:\/\/api.w.org\/{rel}","templated":true}]}}