{"id":412,"date":"2024-12-29T14:55:15","date_gmt":"2024-12-29T20:55:15","guid":{"rendered":"https:\/\/quickhome.loans\/?page_id=412"},"modified":"2025-02-10T12:06:27","modified_gmt":"2025-02-10T18:06:27","slug":"buying-a-home","status":"publish","type":"page","link":"https:\/\/www.quickhome.loans\/es\/buying-a-home\/","title":{"rendered":"Comprar una Casa"},"content":{"rendered":"<div class=\"wp-block-column is-layout-flow wp-block-column-is-layout-flow\">\n\n<div class=\"wp-block-column is-layout-flow wp-block-column-is-layout-flow\">\n<h1>Comprar una Casa<\/h1>\n\n\n<div class=\"wp-block-image\">\n<figure class=\"aligncenter size-large is-resized\"><img loading=\"lazy\" decoding=\"async\" width=\"1024\" height=\"682\" src=\"https:\/\/quickhome.loans\/wp-content\/uploads\/2024\/12\/houseandkeys-1024x682.jpg\" alt=\"\" class=\"wp-image-443\" style=\"width:564px;height:auto\" title=\"\" srcset=\"https:\/\/www.quickhome.loans\/wp-content\/uploads\/2024\/12\/houseandkeys-1024x682.jpg 1024w, https:\/\/www.quickhome.loans\/wp-content\/uploads\/2024\/12\/houseandkeys-300x200.jpg 300w, https:\/\/www.quickhome.loans\/wp-content\/uploads\/2024\/12\/houseandkeys-768x512.jpg 768w, https:\/\/www.quickhome.loans\/wp-content\/uploads\/2024\/12\/houseandkeys.jpg 1280w\" sizes=\"auto, (max-width: 1024px) 100vw, 1024px\" \/><\/figure>\n<\/div>\n\n\n<h3>Un hogar es m\u00e1s que un lugar para vivir<\/h3>\n<\/div>\n\n\n\n\n<h4 class=\"wp-block-heading\">Buying a home is one of the most significant financial decisions you&#8217;ll ever make. It&#8217;s much more than a residence, it can enhance your financial security and offer several benefits:<\/h4>\n\n\n\n<ul class=\"wp-block-list\">\n<li><strong>Apreciaci\u00f3n:<\/strong> Las viviendas a menudo aumentan de valor con el tiempo, generando riqueza mientras el saldo de tu hipoteca disminuye. Las renovaciones pueden aumentar a\u00fan m\u00e1s el valor de la propiedad.<br><\/li>\n\n\n\n<li><strong>Propiedad: <\/strong>Ser propietario de una vivienda significa invertir en un activo que puedes poseer completamente despu\u00e9s de pagar tu pr\u00e9stamo, mientras construyes patrimonio en el proceso.<br><\/li>\n\n\n\n<li><strong>Patrimonio: <\/strong>Puedes aprovechar el patrimonio de tu hogar mediante el refinanciamiento o l\u00edneas de cr\u00e9dito sobre el valor acumulado de la vivienda, lo que te brinda flexibilidad para consolidar deudas, mejorar tu hogar o cubrir gastos importantes.<br><\/li>\n\n\n\n<li><strong>Estabilidad Financiera: <\/strong>Con una hipoteca a tasa fija, tus pagos mensuales permanecen constantes, protegi\u00e9ndote de aumentos inesperados en el alquiler y permitiendo una mejor planificaci\u00f3n financiera.<br><\/li>\n\n\n\n<li><strong>Beneficios Fiscales: <\/strong>Mortgage interest and property taxes are typically tax-deductible. Consult a tax professional to learn more about these potential advantages &#8212; talk to your tax professional to find out more about what tax advantages you can gain from homeownership.<\/li>\n<\/ul>\n\n\n\n\n<h3>\u00a1Comienza tu camino hoy mismo!<\/h3>\n\n\n\nCalificar para una hipoteca es sencillo y no requiere documentos al principio. Solo proporciona tu informaci\u00f3n de contacto para comenzar. No hay obligaci\u00f3n: descubre c\u00f3mo QuickHome.Loans puede ayudarte.<br><br>\u00bfNo est\u00e1s seguro de qu\u00e9 pr\u00e9stamo es el adecuado para ti? Visita nuestra p\u00e1gina de programas de pr\u00e9stamos o utiliza nuestras calculadoras hipotecarias. Para obtener orientaci\u00f3n, cont\u00e1ctanos en cualquier momento.\n\n<\/div>","protected":false},"excerpt":{"rendered":"","protected":false},"author":1,"featured_media":0,"parent":0,"menu_order":0,"comment_status":"closed","ping_status":"closed","template":"","meta":{"pagelayer_contact_templates":[],"_pagelayer_content":"","footnotes":""},"class_list":["post-412","page","type-page","status-publish","hentry"],"_links":{"self":[{"href":"https:\/\/www.quickhome.loans\/es\/wp-json\/wp\/v2\/pages\/412","targetHints":{"allow":["GET"]}}],"collection":[{"href":"https:\/\/www.quickhome.loans\/es\/wp-json\/wp\/v2\/pages"}],"about":[{"href":"https:\/\/www.quickhome.loans\/es\/wp-json\/wp\/v2\/types\/page"}],"author":[{"embeddable":true,"href":"https:\/\/www.quickhome.loans\/es\/wp-json\/wp\/v2\/users\/1"}],"replies":[{"embeddable":true,"href":"https:\/\/www.quickhome.loans\/es\/wp-json\/wp\/v2\/comments?post=412"}],"version-history":[{"count":32,"href":"https:\/\/www.quickhome.loans\/es\/wp-json\/wp\/v2\/pages\/412\/revisions"}],"predecessor-version":[{"id":1096,"href":"https:\/\/www.quickhome.loans\/es\/wp-json\/wp\/v2\/pages\/412\/revisions\/1096"}],"wp:attachment":[{"href":"https:\/\/www.quickhome.loans\/es\/wp-json\/wp\/v2\/media?parent=412"}],"curies":[{"name":"wp","href":"https:\/\/api.w.org\/{rel}","templated":true}]}}