{"id":339,"date":"2024-12-29T14:55:49","date_gmt":"2024-12-29T20:55:49","guid":{"rendered":"https:\/\/quickhome.loans\/?page_id=339"},"modified":"2025-02-10T14:52:09","modified_gmt":"2025-02-10T20:52:09","slug":"home-buyers-guide","status":"publish","type":"page","link":"https:\/\/www.quickhome.loans\/es\/home-buyers-guide\/","title":{"rendered":"Home Buyer&#8217;s Guide"},"content":{"rendered":"<h1 class=\"wp-block-heading has-text-align-center has-white-color has-text-color has-link-color wp-elements-9e2d4974f08bb1b7b5234ca5a96c8f65\"><strong>Home Buyer&#8217;s Guide<\/strong><\/h1>\n\n\n<div class=\"wp-block-image\">\n<figure class=\"aligncenter size-large is-resized\"><img loading=\"lazy\" decoding=\"async\" width=\"1645\" height=\"1645\" src=\"https:\/\/www.quickhome.loans\/wp-content\/uploads\/2025\/01\/mapa-scaled.webp\" alt=\"\" class=\"wp-image-883\" style=\"width:337px;height:auto\" title=\"\" srcset=\"https:\/\/www.quickhome.loans\/wp-content\/uploads\/2025\/01\/mapa-scaled.webp 2560w, https:\/\/www.quickhome.loans\/wp-content\/uploads\/2025\/01\/mapa-300x300.webp 300w, https:\/\/www.quickhome.loans\/wp-content\/uploads\/2025\/01\/mapa-1024x1024.webp 1024w, https:\/\/www.quickhome.loans\/wp-content\/uploads\/2025\/01\/mapa-150x150.webp 150w, https:\/\/www.quickhome.loans\/wp-content\/uploads\/2025\/01\/mapa-768x768.webp 768w, https:\/\/www.quickhome.loans\/wp-content\/uploads\/2025\/01\/mapa-1536x1536.webp 1536w, https:\/\/www.quickhome.loans\/wp-content\/uploads\/2025\/01\/mapa-2048x2048.webp 2048w, https:\/\/www.quickhome.loans\/wp-content\/uploads\/2025\/01\/mapa-12x12.webp 12w\" sizes=\"auto, (max-width: 1645px) 100vw, 1645px\" \/><\/figure>\n<\/div>\n\n\n<h3><strong> Simplifique el proceso<\/strong><\/h3>\n\n\n\n\n\n\n\n<h3 class=\"wp-block-heading has-text-align-center has-medium-font-size\">Whether you&#8217;re a first-time buyer, luxury home shopper, or real estate investor, QuickHome.Loans will guide you every step of the way. Contact us today!<\/h3>\n\n\n\n\n\n<p>La preaprobaci\u00f3n eval\u00faa tu capacidad para reembolsar un pr\u00e9stamo basado en tus ingresos, deudas y activos. Ayuda a determinar tu precio m\u00e1ximo de compra y tu potencial de pr\u00e9stamo. Los vendedores y agentes toman m\u00e1s en serio a los compradores preaprobados, d\u00e1ndote una ventaja.<\/p>\n\n\n\n\n\n<p>La precalificaci\u00f3n implica revisar informaci\u00f3n b\u00e1sica de cr\u00e9dito y financiera, pero no garantiza un pr\u00e9stamo. La preaprobaci\u00f3n es un an\u00e1lisis detallado de tus documentos financieros y solvencia crediticia, lo que te convierte en un comprador m\u00e1s s\u00f3lido.<\/p>\n\n\n\n\n\n<ul class=\"wp-block-list\">\n<li>Revisa tu puntaje y reporte de cr\u00e9dito para asegurarte de que sean correctos en AnnualCreditReport.com.<\/li>\n\n\n\n<li>Aborda las inexactitudes y resuelve disputas.<\/li>\n\n\n\n<li>Reduce saldos elevados para mejorar tu relaci\u00f3n deuda\/cr\u00e9dito.<\/li>\n\n\n\n<li>Establece planes de pago para cuentas morosas.<\/li>\n<\/ul>\n\n\n\n\n\n<p>Tu originador de pr\u00e9stamos te ayudar\u00e1 a determinar el mejor pr\u00e9stamo para tus necesidades. Usa nuestra calculadora en l\u00ednea para estimar la asequibilidad, incluidos los pagos mensuales, pagos iniciales, impuestos y seguros.<\/p>\n\n\n\n\n\n<p>La aprobaci\u00f3n del pr\u00e9stamo se basa en la revisi\u00f3n de tu informaci\u00f3n financiera por parte de un suscriptor. Responde r\u00e1pidamente a las solicitudes de documentaci\u00f3n para garantizar un proceso sin contratiempos.<\/p>\n\n\n\n\n\n<p>Selecciona un agente de bienes ra\u00edces confiable y familiarizado con la zona que deseas. Entrevista a varios agentes y haz preguntas sobre su experiencia, historial de ventas y conocimiento local. Evita agentes duales cuando sea posible.<\/p>\n\n\n\n\n\n<p>Al evaluar casas, da prioridad a la ubicaci\u00f3n, distritos escolares y tiempos de traslado. No pases por alto el estado de la casa ni los posibles costos de reparaci\u00f3n.<\/p>\n\n\n\n\n\n<p>Haz tu oferta bas\u00e1ndote en ventas comparables, condiciones del mercado y el estado de la propiedad. Una vez aceptada, aclara el cronograma de mudanza del vendedor.<\/p>\n\n\n\n\n\n<p>Proporciona los documentos requeridos, como identificaci\u00f3n, estados de ingresos y detalles de activos. Revisa tu Estimaci\u00f3n de Pr\u00e9stamo y responde r\u00e1pidamente a las solicitudes de suscripci\u00f3n.<\/p>\n\n\n\n\n\n<p>Firma los documentos finales, entrega un cheque de caja para los costos de cierre y revisa tu Declaraci\u00f3n de Cierre para asegurarte de que todo est\u00e9 correcto. \u00a1Felicidades, ahora eres propietario de una casa!<\/p>","protected":false},"excerpt":{"rendered":"","protected":false},"author":1,"featured_media":0,"parent":0,"menu_order":0,"comment_status":"closed","ping_status":"closed","template":"","meta":{"pagelayer_contact_templates":[],"_pagelayer_content":"","footnotes":""},"class_list":["post-339","page","type-page","status-publish","hentry"],"_links":{"self":[{"href":"https:\/\/www.quickhome.loans\/es\/wp-json\/wp\/v2\/pages\/339","targetHints":{"allow":["GET"]}}],"collection":[{"href":"https:\/\/www.quickhome.loans\/es\/wp-json\/wp\/v2\/pages"}],"about":[{"href":"https:\/\/www.quickhome.loans\/es\/wp-json\/wp\/v2\/types\/page"}],"author":[{"embeddable":true,"href":"https:\/\/www.quickhome.loans\/es\/wp-json\/wp\/v2\/users\/1"}],"replies":[{"embeddable":true,"href":"https:\/\/www.quickhome.loans\/es\/wp-json\/wp\/v2\/comments?post=339"}],"version-history":[{"count":59,"href":"https:\/\/www.quickhome.loans\/es\/wp-json\/wp\/v2\/pages\/339\/revisions"}],"predecessor-version":[{"id":1115,"href":"https:\/\/www.quickhome.loans\/es\/wp-json\/wp\/v2\/pages\/339\/revisions\/1115"}],"wp:attachment":[{"href":"https:\/\/www.quickhome.loans\/es\/wp-json\/wp\/v2\/media?parent=339"}],"curies":[{"name":"wp","href":"https:\/\/api.w.org\/{rel}","templated":true}]}}