{"id":186,"date":"2024-06-03T13:59:00","date_gmt":"2024-06-03T18:59:00","guid":{"rendered":"https:\/\/quickhome.loans\/?page_id=186"},"modified":"2025-02-10T15:07:35","modified_gmt":"2025-02-10T21:07:35","slug":"privacy-policy","status":"publish","type":"page","link":"https:\/\/www.quickhome.loans\/es\/privacy-policy\/","title":{"rendered":"Pol\u00edtica de Privacidad"},"content":{"rendered":"<h1 class=\"wp-block-heading\">Pol\u00edtica de Privacidad<\/h1>\n\n\n\n<p>Yo, Clendi Villar, soy un originador de pr\u00e9stamos hipotecarios con licencia (NMLS# 1548723) trabajando con River Bear Financial, LLC NMLS# 2535144. Este sitio web, www.QuickHome.Loans, ha sido creado con el prop\u00f3sito de dirigir a los clientes a mis servicios. Al visitar y utilizar este sitio, reconoces que www.QuickHome.Loans es una plataforma dise\u00f1ada exclusivamente para proporcionar acceso a mis servicios y al proceso de solicitud ofrecido a trav\u00e9s de River Bear Financial, LLC. River Bear Financial, LLC es una corredur\u00eda hipotecaria con licencia, y todas las solicitudes de pr\u00e9stamo enviadas a trav\u00e9s de la plataforma vinculada est\u00e1n sujetas a los t\u00e9rminos y condiciones de River Bear Financial, LLC. Al proporcionar tu informaci\u00f3n a trav\u00e9s de nuestro sitio o una campa\u00f1a de terceros, consientes recibir mensajes de texto recurrentes, correos electr\u00f3nicos y llamadas telef\u00f3nicas de Clendi Villar NMLS# 1548723 a trav\u00e9s de https:\/\/www.QuickHome.Loans o River Bear Financial, LLC con respecto a tu consulta y otros servicios relacionados. Se pueden aplicar tarifas por mensajes y datos. Para optar por no recibir mensajes de texto, responde STOP a cualquier mensaje. Para optar por no recibir correos electr\u00f3nicos, responde STOP a cualquier mensaje. Puedes leer nuestros t\u00e9rminos y la pol\u00edtica de privacidad completa en https:\/\/quickhome.loans\/privacy-policy\/.<\/p>\n\n\n\n<p>RIVER BEAR HOME LOANS, LLC takes its clients&#8217; financial privacy very seriously. During the course of processing your application, we accumulate nonpublic personal information from you and other sources about your income, assets, and credit history to make an informed decision about granting you credit. We restrict access to nonpublic personal information to employees who need to know that information to provide products or services to you. We maintain physical, electronic, and procedural safeguards that comply with federal regulations to guard your nonpublic personal information.<\/p>\n\n\n\n<h2 class=\"wp-block-heading\">Recopilaci\u00f3n de Informaci\u00f3n<\/h2>\n\n\n\n<p>Recopilamos informaci\u00f3n personal no p\u00fablica sobre ti de las siguientes fuentes:<\/p>\n\n\n\n<ul class=\"wp-block-list\">\n<li>Informaci\u00f3n que recibimos de ti en solicitudes u otros formularios.<\/li>\n\n\n\n<li>Informaci\u00f3n sobre tus transacciones con nuestros afiliados, otros o nosotros.<\/li>\n\n\n\n<li>Informaci\u00f3n que recibimos de agencias de informes de consumidores.<\/li>\n<\/ul>\n\n\n\n<h2 class=\"wp-block-heading\">Divulgaci\u00f3n de Informaci\u00f3n<\/h2>\n\n\n\n<p>Podemos divulgar los siguientes tipos de informaci\u00f3n personal no p\u00fablica sobre ti:<\/p>\n\n\n\n<ul class=\"wp-block-list\">\n<li>Informaci\u00f3n que recibimos de ti en solicitudes u otros formularios, como tu nombre, direcci\u00f3n, n\u00famero de seguro social, activos e ingresos.<\/li>\n\n\n\n<li>Informaci\u00f3n sobre tus transacciones con nosotros, nuestros afiliados u otros, como tu historial de pagos o saldos de pr\u00e9stamos.<\/li>\n\n\n\n<li>Informaci\u00f3n que recibimos de agencias de informes de consumidores, como tu solvencia crediticia, puntaje de cr\u00e9dito o historial crediticio.<\/li>\n<\/ul>\n\n\n\n<p>No divulgamos ninguna informaci\u00f3n personal no p\u00fablica sobre nuestros clientes o exclientes a nadie, excepto seg\u00fan lo permita la ley.<\/p>\n\n\n\n<p>Podemos divulgar la siguiente informaci\u00f3n a empresas que realicen servicios de marketing en nuestro nombre o a otras instituciones financieras con las que tengamos acuerdos de marketing conjunto:<\/p>\n\n\n\n<ul class=\"wp-block-list\">\n<li>Informaci\u00f3n que recibimos de ti en solicitudes u otros formularios, como tu nombre, direcci\u00f3n, n\u00famero de seguro social, activos e ingresos.<\/li>\n\n\n\n<li>Informaci\u00f3n sobre tus transacciones con nosotros, nuestros afiliados u otros, como tu historial de pagos o saldos de pr\u00e9stamos.<\/li>\n\n\n\n<li>Informaci\u00f3n que recibimos de agencias de informes de consumidores, como tu solvencia crediticia, puntaje de cr\u00e9dito o historial crediticio.<\/li>\n<\/ul>\n\n\n\n<p>Si prefieres que no divulguemos informaci\u00f3n personal no p\u00fablica sobre ti a terceros no afiliados, puedes optar por no participar en estas divulgaciones. Si deseas optar por no participar en las divulgaciones a terceros no afiliados, puedes firmar y devolver una copia de nuestro formulario de pol\u00edtica de privacidad, el cual se proporcionar\u00e1 en tu solicitud de hipoteca.<\/p>\n\n\n\n<p>Si m\u00e1s de una persona ha solicitado un pr\u00e9stamo de manera conjunta, cualquier solicitante actuando en nombre de todos puede indicarnos que no compartamos la informaci\u00f3n financiera personal no p\u00fablica de todos los prestatarios con terceros que no sean nuestros afiliados. No permitimos que los co-prestatarios opten por no participar de manera individual.<\/p>\n\n\n\n<p>De acuerdo con la ley estatal de Texas, es pol\u00edtica de RIVER BEAR HOME LOANS, LLC proteger la confidencialidad de los documentos y archivos del sistema que contienen n\u00fameros de seguro social. RIVER BEAR HOME LOANS, LLC recopila n\u00fameros de seguro social solo cuando es requerido por la ley federal y estatal y seg\u00fan lo requerido para el proceso de solicitud de hipoteca. Solo el personal autorizado tiene acceso a los documentos y archivos del sistema que contienen n\u00fameros de seguro social. Los n\u00fameros de seguro social no se env\u00edan por Internet a menos que la conexi\u00f3n sea segura y\/o la transmisi\u00f3n est\u00e9 cifrada. Los documentos que contienen n\u00fameros de seguro social se almacenan en una ubicaci\u00f3n segura. Cuando estos documentos se destruyen, se hace de manera que se garantiza su confidencialidad.<\/p>\n\n\n\n<p>Tambi\u00e9n puedes contactarnos por correo electr\u00f3nico a clendi@quickhome.loans o llamarnos al (888) 920-7769 para optar por no recibir mensajes de texto. Una vez recibida tu solicitud de exclusi\u00f3n, te enviaremos un mensaje de confirmaci\u00f3n, y ya no recibir\u00e1s mensajes de texto de nuestra parte.<\/p>\n\n\n\n<h2 class=\"wp-block-heading\"><strong>CONTACTA CON NOSOTROS<\/strong><\/h2>\n\n\n\n<p>Si tienes alguna pregunta, comentario o preocupaci\u00f3n sobre nuestra Pol\u00edtica de Privacidad y\/o pr\u00e1cticas, por favor env\u00eda un correo electr\u00f3nico a office@riverbearhomeloans.com o clendi@quickhome.loans.<\/p>\n\n\n\n<p>RIVER BEAR HOME LOANS, LLC<br>2201 N LAMAR, AUSTIN, TX, 78705<br>NMLS ID: 2535144 TX, CO<br>office@riverbearhomeloans.com<br>(512) 200-2331<\/p>","protected":false},"excerpt":{"rendered":"","protected":false},"author":1,"featured_media":0,"parent":0,"menu_order":0,"comment_status":"closed","ping_status":"closed","template":"","meta":{"pagelayer_contact_templates":[],"_pagelayer_content":"","footnotes":""},"class_list":["post-186","page","type-page","status-publish","hentry"],"_links":{"self":[{"href":"https:\/\/www.quickhome.loans\/es\/wp-json\/wp\/v2\/pages\/186","targetHints":{"allow":["GET"]}}],"collection":[{"href":"https:\/\/www.quickhome.loans\/es\/wp-json\/wp\/v2\/pages"}],"about":[{"href":"https:\/\/www.quickhome.loans\/es\/wp-json\/wp\/v2\/types\/page"}],"author":[{"embeddable":true,"href":"https:\/\/www.quickhome.loans\/es\/wp-json\/wp\/v2\/users\/1"}],"replies":[{"embeddable":true,"href":"https:\/\/www.quickhome.loans\/es\/wp-json\/wp\/v2\/comments?post=186"}],"version-history":[{"count":13,"href":"https:\/\/www.quickhome.loans\/es\/wp-json\/wp\/v2\/pages\/186\/revisions"}],"predecessor-version":[{"id":1129,"href":"https:\/\/www.quickhome.loans\/es\/wp-json\/wp\/v2\/pages\/186\/revisions\/1129"}],"wp:attachment":[{"href":"https:\/\/www.quickhome.loans\/es\/wp-json\/wp\/v2\/media?parent=186"}],"curies":[{"name":"wp","href":"https:\/\/api.w.org\/{rel}","templated":true}]}}